{"id":531,"date":"2016-10-12T09:47:57","date_gmt":"2016-10-12T07:47:57","guid":{"rendered":"http:\/\/agneausoleil.com\/agneausoleil\/?page_id=531"},"modified":"2025-09-18T11:33:57","modified_gmt":"2025-09-18T09:33:57","slug":"informatique-en-elevage","status":"publish","type":"page","link":"https:\/\/agneausoleil.com\/agneausoleil\/informatique-en-elevage\/","title":{"rendered":"Informatique en \u00e9levage ovins"},"content":{"rendered":"<p>[vc_row][vc_column width=\u00a0\u00bb2\/3&Prime;][vc_column_text]<\/p>\n<h1 style=\"text-align: justify;\">Les services internet : l&rsquo;Extranet<\/h1>\n<p style=\"text-align: justify;\">Les adh\u00e9rents disposent d&rsquo;un acc\u00e8s priv\u00e9 et gratuit leur permettant de :<\/p>\n<ul>\n<li style=\"text-align: justify;\">conna\u00eetre le cours des agneaux et les prix de la semaine<\/li>\n<li style=\"text-align: justify;\">consulter en temps r\u00e9el les r\u00e9sultats d&rsquo;abattages de leurs agneaux (poids, classements, certifications aux signes de qualit\u00e9) ce qui leur permet de r\u00e9agir rapidement en cas de probl\u00e8me.<\/li>\n<li>retrouvez tous les documents d&rsquo;\u00e9levage (certificat de saisies, engagement sanitaire, cahier des charges, bon de circulation vierge,&#8230;)<\/li>\n<li style=\"text-align: justify;\">visualiser les notifications de mouvements r\u00e9alis\u00e9es pour leur compte par la coop\u00e9rative (obligation r\u00e9glementaire r\u00e9alis\u00e9e par l&rsquo;Agneau Soleil)<\/li>\n<li style=\"text-align: justify;\">archiver tous les r\u00e9sultats des agneaux et les transf\u00e9rer automatiquement dans leur logiciel de gestion de troupeaux<\/li>\n<\/ul>\n<p>[\/vc_column_text][\/vc_column][vc_column width=\u00a0\u00bb1\/3&Prime;][vc_single_image image=\u00a0\u00bb2361&Prime; img_size=\u00a0\u00bbfull\u00a0\u00bb alignment=\u00a0\u00bbcenter\u00a0\u00bb style=\u00a0\u00bbvc_box_shadow_border\u00a0\u00bb onclick=\u00a0\u00bblink_image\u00a0\u00bb][\/vc_column][\/vc_row][vc_row][vc_column][vc_separator color=\u00a0\u00bbcustom\u00a0\u00bb border_width=\u00a0\u00bb5&Prime; accent_color=\u00a0\u00bb#1a80b6&Prime;][\/vc_column][\/vc_row][vc_row][vc_column width=\u00a0\u00bb1\/2&Prime;][vc_column_text]<\/p>\n<h1 style=\"text-align: justify;\">Les services informatique :<\/h1>\n<p style=\"text-align: justify;\">La coop\u00e9rative s&rsquo;est engag\u00e9e d\u00e8s 2001 dans la recherche de solutions techniques permettant d&rsquo;am\u00e9liorer les conditions de travail des \u00e9leveurs et en particuliers, l&rsquo;enregistrement des donn\u00e9es de l&rsquo;\u00e9levage, directement en bergerie. Cela s&rsquo;est traduit par la cr\u00e9ation d&rsquo;un logiciel : Ovitel pour l&rsquo;informatique en \u00e9levage ovins.<\/p>\n<h2 style=\"text-align: justify;\">Ovitel :<\/h2>\n<p style=\"text-align: justify;\">L&rsquo;Agneau Soleil assure :<\/p>\n<ul style=\"text-align: justify;\">\n<li>la commercialisation du logiciel pour tous les \u00e9leveurs de sa zone<\/li>\n<li>la mise en place dans les exploitations (installation informatique, formation)<\/li>\n<li>l&rsquo;am\u00e9lioration du logiciel en participant aux commissions techniques<\/li>\n<li>la formation continue des \u00e9leveurs en organisant des journ\u00e9es de formation<\/li>\n<li>le service apr\u00e8s vente et la maintenance dans les \u00e9levages<\/li>\n<li>La diffusion de syst\u00e8mes de lecture des boucles \u00e9lectroniques.<\/li>\n<\/ul>\n<p>[\/vc_column_text][vc_row_inner][vc_column_inner width=\u00a0\u00bb1\/2&Prime;]<div class=\"ult_pricing_table_wrap ult_design_4  ult-cs-blue  \">\n\t\t\t\t\t<div class=\"ult_pricing_table \" style=\"\"><div id=\"price-table-wrap-3353\" class=\"ult_pricing_heading\">\n\t\t\t\t\t\t\t<h3 class=\"ult-responsive cust-headformat\"  data-ultimate-target='#price-table-wrap-3353 .cust-headformat'  data-responsive-json-new='{\"font-size\":\"\",\"line-height\":\"\"}'  style=\"font-weight:normal;\">Essayer Ovitel !<\/h3><h5 class=\"ult-responsive cust-subhead\"  data-ultimate-target='#price-table-wrap-3353 .cust-subhead'  data-responsive-json-new='{\"font-size\":\"\",\"line-height\":\"\"}'  style=\"font-weight:normal;\">Essai gratuit<\/h5><\/div><!--ult_pricing_heading--><div class=\"ult_price_body_block\">\n\t\t\t\t\t\t\t<div class=\"ult_price_body\">\n\t\t\t\t\t\t\t\t<div id=\"price-table-wrap-2575\"  class=\"ult_price\">\n\t\t\t\t\t\t\t\t\t<span  data-ultimate-target='#price-table-wrap-2575 .ult_price_figure'  data-responsive-json-new='{\"font-size\":\"\",\"line-height\":\"\"}'  class=\"ult_price_figure ult-responsive\" style=\"font-weight:normal;\"><\/span>\n\t\t\t\t\t\t\t\t\t<span  data-ultimate-target='#price-table-wrap-2575 .ult_price_term'  data-responsive-json-new='{\"font-size\":\"\",\"line-height\":\"\"}'  class=\"ult_price_term ult-responsive\" style=\"font-weight:normal;\"><\/span>\n\t\t\t\t\t\t\t\t<\/div>\n\t\t\t\t\t\t\t<\/div>\n\t\t\t\t\t\t<\/div><!--ult_price_body_block--><div id=\"price-table-features-wrap-1188\" class=\"ult_price_features ult-responsive\"  data-ultimate-target='#price-table-features-wrap-1188'  data-responsive-json-new='{\"font-size\":\"\",\"line-height\":\"\"}'  style=\"font-weight:normal;\">\n\t\t\t\t\t\t\t\n\t\t\t\t\t\t<\/div><!--ult_price_features--><div id=\"price-table-button-wrap-7065\" class=\"ult_price_link\">\n\t\t\t\t\t\t\t<a  data-ultimate-target='#price-table-button-wrap-7065 .ult_price_action_button'  data-responsive-json-new='{\"font-size\":\"\",\"line-height\":\"\"}'  href=\"http:\/\/agneausoleil.com\/agneausoleil\/obtenir-ovitel\/\" target=\"\" class=\"ult_price_action_button ult-responsive\" style=\" font-weight:normal;\">Pour essayer<\/a>\n\t\t\t\t\t\t<\/div><!--ult_price_link--><div class=\"ult_clr\"><\/div>\n\t\t\t<\/div><!--pricing_table-->\n\t\t<\/div><!--pricing_table_wrap-->[\/vc_column_inner][vc_column_inner width=\u00a0\u00bb1\/2&Prime;][vc_column_text]<\/p>\n<h2 style=\"text-align: justify;\">L&rsquo;identification \u00e9lectronique RFID :<\/h2>\n<p style=\"text-align: justify;\">L&rsquo;Agneau Soleil, commercialise les dispositifs de lecture de boucles \u00e9lectroniques des ovins qui permettent aujourd&rsquo;hui de travailler extr\u00eamement vite en bergerie pour toutes les manipulations qui autrefois \u00e9taient un calvaire (gestion des lots, inventaires, tris&#8230;). Nous assurons leurs installations et la formation des \u00e9leveurs \u00e0 leur utilisation.<\/p>\n<p style=\"text-align: justify;\">Contactez nous pour assister \u00e0 une d\u00e9monstration.<\/p>\n<p>[\/vc_column_text][\/vc_column_inner][\/vc_row_inner][\/vc_column][vc_column width=\u00a0\u00bb1\/2&Prime;][vc_column_text]<\/p>\n<div class=\"tiled-gallery type-rectangular tiled-gallery-unresized\" data-original-width=\"1300\" data-carousel-extra='null' itemscope itemtype=\"http:\/\/schema.org\/ImageGallery\" > <div class=\"gallery-row\" style=\"width: 1300px; height: 301px;\" data-original-width=\"1300\" data-original-height=\"301\" > <div class=\"gallery-group images-1\" style=\"width: 743px; height: 301px;\" data-original-width=\"743\" data-original-height=\"301\" > <div class=\"tiled-gallery-item tiled-gallery-item-large\" itemprop=\"associatedMedia\" itemscope itemtype=\"http:\/\/schema.org\/ImageObject\"> <a href=\"https:\/\/i0.wp.com\/agneausoleil.com\/agneausoleil\/wp-content\/uploads\/2016\/10\/boucle-electroniques.png?ssl=1\" border=\"0\" itemprop=\"url\"> <meta itemprop=\"width\" content=\"739\"> <meta itemprop=\"height\" content=\"297\"> <img loading=\"lazy\" decoding=\"async\" data-attachment-id=\"544\" data-orig-file=\"https:\/\/agneausoleil.com\/agneausoleil\/wp-content\/uploads\/2016\/10\/boucle-electroniques.png\" data-orig-size=\"800,321\" data-comments-opened=\"\" data-image-meta=\"{&quot;aperture&quot;:&quot;0&quot;,&quot;credit&quot;:&quot;&quot;,&quot;camera&quot;:&quot;&quot;,&quot;caption&quot;:&quot;&quot;,&quot;created_timestamp&quot;:&quot;0&quot;,&quot;copyright&quot;:&quot;&quot;,&quot;focal_length&quot;:&quot;0&quot;,&quot;iso&quot;:&quot;0&quot;,&quot;shutter_speed&quot;:&quot;0&quot;,&quot;title&quot;:&quot;&quot;,&quot;orientation&quot;:&quot;0&quot;}\" data-image-title=\"boucle-electroniques\" data-image-description=\"\" data-medium-file=\"https:\/\/agneausoleil.com\/agneausoleil\/wp-content\/uploads\/2016\/10\/boucle-electroniques-300x120.png\" data-large-file=\"https:\/\/agneausoleil.com\/agneausoleil\/wp-content\/uploads\/2016\/10\/boucle-electroniques.png\" src=\"https:\/\/i0.wp.com\/agneausoleil.com\/agneausoleil\/wp-content\/uploads\/2016\/10\/boucle-electroniques.png?w=739&#038;h=297&#038;ssl=1\" width=\"739\" height=\"297\" data-original-width=\"739\" data-original-height=\"297\" itemprop=\"http:\/\/schema.org\/image\" title=\"boucle-electroniques\" alt=\"Boucles RFID\" style=\"width: 739px; height: 297px;\" \/> <\/a> <div class=\"tiled-gallery-caption\" itemprop=\"caption description\"> Boucles RFID <\/div> <\/div> <\/div> <!-- close group --> <div class=\"gallery-group images-1\" style=\"width: 161px; height: 301px;\" data-original-width=\"161\" data-original-height=\"301\" > <div class=\"tiled-gallery-item tiled-gallery-item-small\" itemprop=\"associatedMedia\" itemscope itemtype=\"http:\/\/schema.org\/ImageObject\"> <a href=\"https:\/\/i0.wp.com\/agneausoleil.com\/agneausoleil\/wp-content\/uploads\/2016\/10\/allflex-LPR.jpg?ssl=1\" border=\"0\" itemprop=\"url\"> <meta itemprop=\"width\" content=\"157\"> <meta itemprop=\"height\" content=\"297\"> <img loading=\"lazy\" decoding=\"async\" data-attachment-id=\"543\" data-orig-file=\"https:\/\/agneausoleil.com\/agneausoleil\/wp-content\/uploads\/2016\/10\/allflex-LPR.jpg\" data-orig-size=\"678,1280\" data-comments-opened=\"\" data-image-meta=\"{&quot;aperture&quot;:&quot;0&quot;,&quot;credit&quot;:&quot;&quot;,&quot;camera&quot;:&quot;&quot;,&quot;caption&quot;:&quot;&quot;,&quot;created_timestamp&quot;:&quot;0&quot;,&quot;copyright&quot;:&quot;&quot;,&quot;focal_length&quot;:&quot;0&quot;,&quot;iso&quot;:&quot;0&quot;,&quot;shutter_speed&quot;:&quot;0&quot;,&quot;title&quot;:&quot;&quot;,&quot;orientation&quot;:&quot;0&quot;}\" data-image-title=\"allflex-lpr\" data-image-description=\"\" data-medium-file=\"https:\/\/agneausoleil.com\/agneausoleil\/wp-content\/uploads\/2016\/10\/allflex-LPR-159x300.jpg\" data-large-file=\"https:\/\/agneausoleil.com\/agneausoleil\/wp-content\/uploads\/2016\/10\/allflex-LPR-542x1024.jpg\" src=\"https:\/\/i0.wp.com\/agneausoleil.com\/agneausoleil\/wp-content\/uploads\/2016\/10\/allflex-LPR.jpg?w=157&#038;h=297&#038;ssl=1\" width=\"157\" height=\"297\" data-original-width=\"157\" data-original-height=\"297\" itemprop=\"http:\/\/schema.org\/image\" title=\"allflex-lpr\" alt=\"Lecteur de boucle pour l&#039;informatique en \u00e9levage ovins\" style=\"width: 157px; height: 297px;\" \/> <\/a> <div class=\"tiled-gallery-caption\" itemprop=\"caption description\"> Lecteur LPR <\/div> <\/div> <\/div> <!-- close group --> <div class=\"gallery-group images-1\" style=\"width: 396px; height: 301px;\" data-original-width=\"396\" data-original-height=\"301\" > <div class=\"tiled-gallery-item tiled-gallery-item-large\" itemprop=\"associatedMedia\" itemscope itemtype=\"http:\/\/schema.org\/ImageObject\"> <a href=\"https:\/\/i0.wp.com\/agneausoleil.com\/agneausoleil\/wp-content\/uploads\/2016\/10\/allflex_rs420_stick2.jpg?ssl=1\" border=\"0\" itemprop=\"url\"> <meta itemprop=\"width\" content=\"392\"> <meta itemprop=\"height\" content=\"297\"> <img loading=\"lazy\" decoding=\"async\" data-attachment-id=\"542\" data-orig-file=\"https:\/\/agneausoleil.com\/agneausoleil\/wp-content\/uploads\/2016\/10\/allflex_rs420_stick2.jpg\" data-orig-size=\"510,386\" data-comments-opened=\"\" data-image-meta=\"{&quot;aperture&quot;:&quot;0&quot;,&quot;credit&quot;:&quot;&quot;,&quot;camera&quot;:&quot;&quot;,&quot;caption&quot;:&quot;&quot;,&quot;created_timestamp&quot;:&quot;0&quot;,&quot;copyright&quot;:&quot;&quot;,&quot;focal_length&quot;:&quot;0&quot;,&quot;iso&quot;:&quot;0&quot;,&quot;shutter_speed&quot;:&quot;0&quot;,&quot;title&quot;:&quot;&quot;,&quot;orientation&quot;:&quot;0&quot;}\" data-image-title=\"allflex_rs420_stick2\" data-image-description=\"\" data-medium-file=\"https:\/\/agneausoleil.com\/agneausoleil\/wp-content\/uploads\/2016\/10\/allflex_rs420_stick2-300x227.jpg\" data-large-file=\"https:\/\/agneausoleil.com\/agneausoleil\/wp-content\/uploads\/2016\/10\/allflex_rs420_stick2.jpg\" src=\"https:\/\/i0.wp.com\/agneausoleil.com\/agneausoleil\/wp-content\/uploads\/2016\/10\/allflex_rs420_stick2.jpg?w=392&#038;h=297&#038;ssl=1\" width=\"392\" height=\"297\" data-original-width=\"392\" data-original-height=\"297\" itemprop=\"http:\/\/schema.org\/image\" title=\"allflex_rs420_stick2\" alt=\"Lecteur de boucle pour l&#039;informatique en \u00e9levage ovins\" style=\"width: 392px; height: 297px;\" \/> <\/a> <div class=\"tiled-gallery-caption\" itemprop=\"caption description\"> Lecteur RS420 <\/div> <\/div> <\/div> <!-- close group --> <\/div> <!-- close row --> <div class=\"gallery-row\" style=\"width: 1300px; height: 507px;\" data-original-width=\"1300\" data-original-height=\"507\" > <div class=\"gallery-group images-1\" style=\"width: 287px; height: 507px;\" data-original-width=\"287\" data-original-height=\"507\" > <div class=\"tiled-gallery-item tiled-gallery-item-large\" itemprop=\"associatedMedia\" itemscope itemtype=\"http:\/\/schema.org\/ImageObject\"> <a href=\"https:\/\/i0.wp.com\/agneausoleil.com\/agneausoleil\/wp-content\/uploads\/2016\/10\/ovitel-smartphone.jpg?ssl=1\" border=\"0\" itemprop=\"url\"> <meta itemprop=\"width\" content=\"283\"> <meta itemprop=\"height\" content=\"503\"> <img loading=\"lazy\" decoding=\"async\" data-attachment-id=\"549\" data-orig-file=\"https:\/\/agneausoleil.com\/agneausoleil\/wp-content\/uploads\/2016\/10\/ovitel-smartphone.jpg\" data-orig-size=\"300,533\" data-comments-opened=\"\" data-image-meta=\"{&quot;aperture&quot;:&quot;0&quot;,&quot;credit&quot;:&quot;&quot;,&quot;camera&quot;:&quot;&quot;,&quot;caption&quot;:&quot;&quot;,&quot;created_timestamp&quot;:&quot;0&quot;,&quot;copyright&quot;:&quot;&quot;,&quot;focal_length&quot;:&quot;0&quot;,&quot;iso&quot;:&quot;0&quot;,&quot;shutter_speed&quot;:&quot;0&quot;,&quot;title&quot;:&quot;&quot;,&quot;orientation&quot;:&quot;0&quot;}\" data-image-title=\"ovitel-smartphone\" data-image-description=\"\" data-medium-file=\"https:\/\/agneausoleil.com\/agneausoleil\/wp-content\/uploads\/2016\/10\/ovitel-smartphone-169x300.jpg\" data-large-file=\"https:\/\/agneausoleil.com\/agneausoleil\/wp-content\/uploads\/2016\/10\/ovitel-smartphone.jpg\" src=\"https:\/\/i0.wp.com\/agneausoleil.com\/agneausoleil\/wp-content\/uploads\/2016\/10\/ovitel-smartphone.jpg?w=283&#038;h=503&#038;ssl=1\" width=\"283\" height=\"503\" data-original-width=\"283\" data-original-height=\"503\" itemprop=\"http:\/\/schema.org\/image\" title=\"ovitel-smartphone\" alt=\"Logiciel pour l&#039;informatique en \u00e9levage en bergerie\" style=\"width: 283px; height: 503px;\" \/> <\/a> <div class=\"tiled-gallery-caption\" itemprop=\"caption description\"> Ovitel sur Android <\/div> <\/div> <\/div> <!-- close group --> <div class=\"gallery-group images-1\" style=\"width: 382px; height: 507px;\" data-original-width=\"382\" data-original-height=\"507\" > <div class=\"tiled-gallery-item tiled-gallery-item-large\" itemprop=\"associatedMedia\" itemscope itemtype=\"http:\/\/schema.org\/ImageObject\"> <a href=\"https:\/\/i0.wp.com\/agneausoleil.com\/agneausoleil\/wp-content\/uploads\/2016\/10\/psion.jpg?ssl=1\" border=\"0\" itemprop=\"url\"> <meta itemprop=\"width\" content=\"378\"> <meta itemprop=\"height\" content=\"503\"> <img loading=\"lazy\" decoding=\"async\" data-attachment-id=\"541\" data-orig-file=\"https:\/\/agneausoleil.com\/agneausoleil\/wp-content\/uploads\/2016\/10\/psion.jpg\" data-orig-size=\"450,599\" data-comments-opened=\"\" data-image-meta=\"{&quot;aperture&quot;:&quot;0&quot;,&quot;credit&quot;:&quot;&quot;,&quot;camera&quot;:&quot;&quot;,&quot;caption&quot;:&quot;&quot;,&quot;created_timestamp&quot;:&quot;0&quot;,&quot;copyright&quot;:&quot;&quot;,&quot;focal_length&quot;:&quot;0&quot;,&quot;iso&quot;:&quot;0&quot;,&quot;shutter_speed&quot;:&quot;0&quot;,&quot;title&quot;:&quot;&quot;,&quot;orientation&quot;:&quot;1&quot;}\" data-image-title=\"psion\" data-image-description=\"\" data-medium-file=\"https:\/\/agneausoleil.com\/agneausoleil\/wp-content\/uploads\/2016\/10\/psion-225x300.jpg\" data-large-file=\"https:\/\/agneausoleil.com\/agneausoleil\/wp-content\/uploads\/2016\/10\/psion.jpg\" src=\"https:\/\/i0.wp.com\/agneausoleil.com\/agneausoleil\/wp-content\/uploads\/2016\/10\/psion.jpg?w=378&#038;h=503&#038;ssl=1\" width=\"378\" height=\"503\" data-original-width=\"378\" data-original-height=\"503\" itemprop=\"http:\/\/schema.org\/image\" title=\"psion\" alt=\"Lecteur de boucle pour l&#039;informatique en \u00e9levage ovins\" style=\"width: 378px; height: 503px;\" \/> <\/a> <div class=\"tiled-gallery-caption\" itemprop=\"caption description\"> PSION <\/div> <\/div> <\/div> <!-- close group --> <div class=\"gallery-group images-1\" style=\"width: 345px; height: 507px;\" data-original-width=\"345\" data-original-height=\"507\" > <div class=\"tiled-gallery-item tiled-gallery-item-large\" itemprop=\"associatedMedia\" itemscope itemtype=\"http:\/\/schema.org\/ImageObject\"> <a href=\"https:\/\/i0.wp.com\/agneausoleil.com\/agneausoleil\/wp-content\/uploads\/2016\/10\/ovitel-pc-1.jpg?ssl=1\" border=\"0\" itemprop=\"url\"> <meta itemprop=\"width\" content=\"341\"> <meta itemprop=\"height\" content=\"503\"> <img loading=\"lazy\" decoding=\"async\" data-attachment-id=\"539\" data-orig-file=\"https:\/\/agneausoleil.com\/agneausoleil\/wp-content\/uploads\/2016\/10\/ovitel-pc-1.jpg\" data-orig-size=\"403,594\" data-comments-opened=\"\" data-image-meta=\"{&quot;aperture&quot;:&quot;0&quot;,&quot;credit&quot;:&quot;&quot;,&quot;camera&quot;:&quot;&quot;,&quot;caption&quot;:&quot;&quot;,&quot;created_timestamp&quot;:&quot;0&quot;,&quot;copyright&quot;:&quot;&quot;,&quot;focal_length&quot;:&quot;0&quot;,&quot;iso&quot;:&quot;0&quot;,&quot;shutter_speed&quot;:&quot;0&quot;,&quot;title&quot;:&quot;&quot;,&quot;orientation&quot;:&quot;0&quot;}\" data-image-title=\"ovitel-pc-1\" data-image-description=\"\" data-medium-file=\"https:\/\/agneausoleil.com\/agneausoleil\/wp-content\/uploads\/2016\/10\/ovitel-pc-1-204x300.jpg\" data-large-file=\"https:\/\/agneausoleil.com\/agneausoleil\/wp-content\/uploads\/2016\/10\/ovitel-pc-1.jpg\" src=\"https:\/\/i0.wp.com\/agneausoleil.com\/agneausoleil\/wp-content\/uploads\/2016\/10\/ovitel-pc-1.jpg?w=341&#038;h=503&#038;ssl=1\" width=\"341\" height=\"503\" data-original-width=\"341\" data-original-height=\"503\" itemprop=\"http:\/\/schema.org\/image\" title=\"ovitel-pc-1\" alt=\"Gestion de troupeau ovins : informatique en \u00e9levage ovins\" style=\"width: 341px; height: 503px;\" \/> <\/a> <div class=\"tiled-gallery-caption\" itemprop=\"caption description\"> Ovitel sur PC <\/div> <\/div> <\/div> <!-- close group --> <div class=\"gallery-group images-1\" style=\"width: 286px; height: 507px;\" data-original-width=\"286\" data-original-height=\"507\" > <div class=\"tiled-gallery-item tiled-gallery-item-large\" itemprop=\"associatedMedia\" itemscope itemtype=\"http:\/\/schema.org\/ImageObject\"> <a href=\"https:\/\/i0.wp.com\/agneausoleil.com\/agneausoleil\/wp-content\/uploads\/2016\/10\/Application-allflex.png?ssl=1\" border=\"0\" itemprop=\"url\"> <meta itemprop=\"width\" content=\"282\"> <meta itemprop=\"height\" content=\"503\"> <img loading=\"lazy\" decoding=\"async\" data-attachment-id=\"540\" data-orig-file=\"https:\/\/agneausoleil.com\/agneausoleil\/wp-content\/uploads\/2016\/10\/Application-allflex.png\" data-orig-size=\"506,900\" data-comments-opened=\"\" data-image-meta=\"{&quot;aperture&quot;:&quot;0&quot;,&quot;credit&quot;:&quot;&quot;,&quot;camera&quot;:&quot;&quot;,&quot;caption&quot;:&quot;&quot;,&quot;created_timestamp&quot;:&quot;0&quot;,&quot;copyright&quot;:&quot;&quot;,&quot;focal_length&quot;:&quot;0&quot;,&quot;iso&quot;:&quot;0&quot;,&quot;shutter_speed&quot;:&quot;0&quot;,&quot;title&quot;:&quot;&quot;,&quot;orientation&quot;:&quot;0&quot;}\" data-image-title=\"application-allflex\" data-image-description=\"\" data-medium-file=\"https:\/\/agneausoleil.com\/agneausoleil\/wp-content\/uploads\/2016\/10\/Application-allflex-169x300.png\" data-large-file=\"https:\/\/agneausoleil.com\/agneausoleil\/wp-content\/uploads\/2016\/10\/Application-allflex.png\" src=\"https:\/\/i0.wp.com\/agneausoleil.com\/agneausoleil\/wp-content\/uploads\/2016\/10\/Application-allflex.png?w=282&#038;h=503&#038;ssl=1\" width=\"282\" height=\"503\" data-original-width=\"282\" data-original-height=\"503\" itemprop=\"http:\/\/schema.org\/image\" title=\"application-allflex\" alt=\"Application Andro\u00efd\" style=\"width: 282px; height: 503px;\" \/> <\/a> <div class=\"tiled-gallery-caption\" itemprop=\"caption description\"> Application Andro\u00efd <\/div> <\/div> <\/div> <!-- close group --> <\/div> <!-- close row --> <div class=\"gallery-row\" style=\"width: 1300px; height: 480px;\" data-original-width=\"1300\" data-original-height=\"480\" > <div class=\"gallery-group images-1\" style=\"width: 820px; height: 480px;\" data-original-width=\"820\" data-original-height=\"480\" > <div class=\"tiled-gallery-item tiled-gallery-item-large\" itemprop=\"associatedMedia\" itemscope itemtype=\"http:\/\/schema.org\/ImageObject\"> <a href=\"https:\/\/i0.wp.com\/agneausoleil.com\/agneausoleil\/wp-content\/uploads\/2016\/10\/logoAgraOvitel.jpg?ssl=1\" border=\"0\" itemprop=\"url\"> <meta itemprop=\"width\" content=\"816\"> <meta itemprop=\"height\" content=\"476\"> <img loading=\"lazy\" decoding=\"async\" data-attachment-id=\"552\" data-orig-file=\"https:\/\/agneausoleil.com\/agneausoleil\/wp-content\/uploads\/2016\/10\/logoAgraOvitel.jpg\" data-orig-size=\"360,210\" data-comments-opened=\"\" data-image-meta=\"{&quot;aperture&quot;:&quot;0&quot;,&quot;credit&quot;:&quot;&quot;,&quot;camera&quot;:&quot;&quot;,&quot;caption&quot;:&quot;&quot;,&quot;created_timestamp&quot;:&quot;0&quot;,&quot;copyright&quot;:&quot;&quot;,&quot;focal_length&quot;:&quot;0&quot;,&quot;iso&quot;:&quot;0&quot;,&quot;shutter_speed&quot;:&quot;0&quot;,&quot;title&quot;:&quot;&quot;,&quot;orientation&quot;:&quot;0&quot;}\" data-image-title=\"logoagraovitel\" data-image-description=\"\" data-medium-file=\"https:\/\/agneausoleil.com\/agneausoleil\/wp-content\/uploads\/2016\/10\/logoAgraOvitel-300x175.jpg\" data-large-file=\"https:\/\/agneausoleil.com\/agneausoleil\/wp-content\/uploads\/2016\/10\/logoAgraOvitel.jpg\" src=\"https:\/\/i0.wp.com\/agneausoleil.com\/agneausoleil\/wp-content\/uploads\/2016\/10\/logoAgraOvitel.jpg?w=816&#038;h=476&#038;ssl=1\" width=\"816\" height=\"476\" data-original-width=\"816\" data-original-height=\"476\" itemprop=\"http:\/\/schema.org\/image\" title=\"logoagraovitel\" alt=\"Logiciel pour l&#039;informatique en \u00e9levage ovins\" style=\"width: 816px; height: 476px;\" \/> <\/a> <div class=\"tiled-gallery-caption\" itemprop=\"caption description\"> Logiciel Ovitel <\/div> <\/div> <\/div> <!-- close group --> <div class=\"gallery-group images-1\" style=\"width: 480px; height: 480px;\" data-original-width=\"480\" data-original-height=\"480\" > <div class=\"tiled-gallery-item tiled-gallery-item-large\" itemprop=\"associatedMedia\" itemscope itemtype=\"http:\/\/schema.org\/ImageObject\"> <a href=\"https:\/\/i0.wp.com\/agneausoleil.com\/agneausoleil\/wp-content\/uploads\/2016\/10\/android.png?ssl=1\" border=\"0\" itemprop=\"url\"> <meta itemprop=\"width\" content=\"476\"> <meta itemprop=\"height\" content=\"476\"> <img loading=\"lazy\" decoding=\"async\" data-attachment-id=\"547\" data-orig-file=\"https:\/\/agneausoleil.com\/agneausoleil\/wp-content\/uploads\/2016\/10\/android.png\" data-orig-size=\"500,500\" data-comments-opened=\"\" data-image-meta=\"{&quot;aperture&quot;:&quot;0&quot;,&quot;credit&quot;:&quot;&quot;,&quot;camera&quot;:&quot;&quot;,&quot;caption&quot;:&quot;&quot;,&quot;created_timestamp&quot;:&quot;0&quot;,&quot;copyright&quot;:&quot;&quot;,&quot;focal_length&quot;:&quot;0&quot;,&quot;iso&quot;:&quot;0&quot;,&quot;shutter_speed&quot;:&quot;0&quot;,&quot;title&quot;:&quot;&quot;,&quot;orientation&quot;:&quot;0&quot;}\" data-image-title=\"android\" data-image-description=\"\" data-medium-file=\"https:\/\/agneausoleil.com\/agneausoleil\/wp-content\/uploads\/2016\/10\/android-300x300.png\" data-large-file=\"https:\/\/agneausoleil.com\/agneausoleil\/wp-content\/uploads\/2016\/10\/android.png\" src=\"https:\/\/i0.wp.com\/agneausoleil.com\/agneausoleil\/wp-content\/uploads\/2016\/10\/android.png?w=476&#038;h=476&#038;crop=1&#038;ssl=1\" width=\"476\" height=\"476\" data-original-width=\"476\" data-original-height=\"476\" itemprop=\"http:\/\/schema.org\/image\" title=\"android\" alt=\"Ovitel sur Android\" style=\"width: 476px; height: 476px;\" \/> <\/a> <div class=\"tiled-gallery-caption\" itemprop=\"caption description\"> Ovitel sur Android <\/div> <\/div> <\/div> <!-- close group --> <\/div> <!-- close row --> <\/div>\n<p>[\/vc_column_text][\/vc_column][\/vc_row]<\/p>\n","protected":false},"excerpt":{"rendered":"<p>[vc_row][vc_column width=\u00a0\u00bb2\/3&Prime;][vc_column_text] Les services internet : l&rsquo;Extranet Les adh\u00e9rents disposent d&rsquo;un acc\u00e8s priv\u00e9 et gratuit leur permettant de : conna\u00eetre le cours des agneaux et les prix de la semaine consulter en temps r\u00e9el les r\u00e9sultats d&rsquo;abattages de leurs agneaux (poids, classements, certifications aux signes de qualit\u00e9) ce qui leur permet de r\u00e9agir rapidement en [&hellip;]<\/p>\n","protected":false},"author":1,"featured_media":0,"parent":0,"menu_order":0,"comment_status":"closed","ping_status":"closed","template":"","meta":{"spay_email":"","footnotes":""},"class_list":["post-531","page","type-page","status-publish","hentry"],"_links":{"self":[{"href":"https:\/\/agneausoleil.com\/agneausoleil\/wp-json\/wp\/v2\/pages\/531","targetHints":{"allow":["GET"]}}],"collection":[{"href":"https:\/\/agneausoleil.com\/agneausoleil\/wp-json\/wp\/v2\/pages"}],"about":[{"href":"https:\/\/agneausoleil.com\/agneausoleil\/wp-json\/wp\/v2\/types\/page"}],"author":[{"embeddable":true,"href":"https:\/\/agneausoleil.com\/agneausoleil\/wp-json\/wp\/v2\/users\/1"}],"replies":[{"embeddable":true,"href":"https:\/\/agneausoleil.com\/agneausoleil\/wp-json\/wp\/v2\/comments?post=531"}],"version-history":[{"count":30,"href":"https:\/\/agneausoleil.com\/agneausoleil\/wp-json\/wp\/v2\/pages\/531\/revisions"}],"predecessor-version":[{"id":2364,"href":"https:\/\/agneausoleil.com\/agneausoleil\/wp-json\/wp\/v2\/pages\/531\/revisions\/2364"}],"wp:attachment":[{"href":"https:\/\/agneausoleil.com\/agneausoleil\/wp-json\/wp\/v2\/media?parent=531"}],"curies":[{"name":"wp","href":"https:\/\/api.w.org\/{rel}","templated":true}]}}