{"id":405,"date":"2016-10-05T18:14:24","date_gmt":"2016-10-05T16:14:24","guid":{"rendered":"http:\/\/agneausoleil.com\/agneausoleil\/?page_id=405"},"modified":"2016-11-08T16:42:38","modified_gmt":"2016-11-08T15:42:38","slug":"suivi-technique","status":"publish","type":"page","link":"https:\/\/agneausoleil.com\/agneausoleil\/suivi-technique\/","title":{"rendered":"Suivi technique d&rsquo;\u00e9levage"},"content":{"rendered":"<p>[vc_row][vc_column width=\u00a0\u00bb3\/4&Prime;][vc_column_text]<\/p>\n<h1>Accompagner les producteurs pour am\u00e9liorer leurs r\u00e9sultats !<\/h1>\n<div>\n<p style=\"text-align: justify;\">Les suivis technico-\u00e9conomiques r\u00e9alis\u00e9s par la coop\u00e9rative et ses partenaires (les chambres d&rsquo;agriculture) ont plusieurs objectifs :<\/p>\n<ul style=\"text-align: justify;\">\n<li>Dresser un \u00e9tat des lieux le plus exhaustif possible de l\u2019\u00e9tat des exploitations adh\u00e9rentes \u00e0 la coop\u00e9rative, reli\u00e9es \u00e0 la fili\u00e8re ovine.<\/li>\n<li>Mesurer l\u2019impact et les \u00e9volutions du contexte \u00e9conomique et politique sur ces exploitations. Du point de vue \u00e9conomique, nous nous penchons sur l\u2019\u00e9volution des strat\u00e9gies commerciales de la coop\u00e9rative et de ses partenaires commerciaux ; du point de vue politique, c\u2019est bien s\u00fbr la PAC (Politique Agricole Commune) avec ses r\u00e9formes.<\/li>\n<li>Donner des pistes de r\u00e9flexion et de travail aux \u00e9leveurs pour que chacun puisse mieux s\u2019affranchir de ses contraintes et participer \u00e0 la dynamique \u00e9conomique r\u00e9gionale.<\/li>\n<\/ul>\n<p style=\"text-align: justify;\">Les \u00e9leveurs ont des besoins de suivi technique diff\u00e9rents, selon leur situation. Le technicien int\u00e8gre la technicit\u00e9 des \u00e9leveurs, et \u00e9ventuellement le niveau des revenus et des charges. Toutefois la productivit\u00e9 num\u00e9rique (agneaux vendus\/brebis) et les co\u00fbts de production doivent rester les fils conducteurs de ce suivi. Autour de ces travaux, chaque acteur a un r\u00f4le bien d\u00e9fini nous permettant de mener \u00e0 bien ces objectifs. La coop\u00e9rative l&rsquo;Agneau Soleil reste un des acteurs le plus en lien avec le terrain et elle est charg\u00e9e de faire remonter le diagnostic \u00e9tablit au quotidien par ses salari\u00e9s, entre autre par le biais des suivis techniques. Dans ce travail de collecte et d\u2019analyse elle est assist\u00e9e par les Chambres d\u2019Agriculture des d\u00e9partements concern\u00e9s. L\u2019institut de l\u2019\u00e9levage quand \u00e0 lui rassemble et analyse l\u2019ensemble de ces donn\u00e9es pour dresser un diagnostic r\u00e9gional complet et en informer les acteurs de la fili\u00e8re. Enfin la ferme exp\u00e9rimentale ovine de Carmejane reste un partenaire important, elle nous permet de rationaliser le travail dans les \u00e9levages de part ses exp\u00e9rimentations et de diffuser l\u2019ensemble des outils et des savoirs faire dont dispose la fili\u00e8re.<\/p>\n<p style=\"text-align: justify;\">Sans oublier bien entendu que la finalit\u00e9 de toute cette activit\u00e9 reste :<\/p>\n<ul>\n<li style=\"text-align: justify;\">De maintenir voire d\u2019augmenter les volumes d\u2019agneaux produits pour continuer \u00e0 exister sur le march\u00e9 national.<\/li>\n<li style=\"text-align: justify;\">D\u2019am\u00e9liorer les marges et les revenus des exploitations ovines.<\/li>\n<li style=\"text-align: justify;\">De ma\u00eetriser les co\u00fbts de production.<\/li>\n<\/ul>\n<\/div>\n<p>[\/vc_column_text][\/vc_column][vc_column width=\u00a0\u00bb1\/4&Prime;][vc_single_image image=\u00a0\u00bb407&Prime; img_size=\u00a0\u00bbfull\u00a0\u00bb alignment=\u00a0\u00bbcenter\u00a0\u00bb style=\u00a0\u00bbvc_box_shadow_border\u00a0\u00bb][vc_single_image image=\u00a0\u00bb555&Prime; img_size=\u00a0\u00bbfull\u00a0\u00bb alignment=\u00a0\u00bbcenter\u00a0\u00bb style=\u00a0\u00bbvc_box_shadow_border\u00a0\u00bb][\/vc_column][\/vc_row][vc_row][vc_column][vc_separator color=\u00a0\u00bbcustom\u00a0\u00bb border_width=\u00a0\u00bb5&Prime; accent_color=\u00a0\u00bb#1a80b6&Prime;][\/vc_column][\/vc_row][vc_row][vc_column width=\u00a0\u00bb1\/4&Prime;][vc_single_image image=\u00a0\u00bb406&Prime; img_size=\u00a0\u00bbfull\u00a0\u00bb alignment=\u00a0\u00bbcenter\u00a0\u00bb style=\u00a0\u00bbvc_box_shadow_border\u00a0\u00bb][vc_single_image image=\u00a0\u00bb402&Prime; img_size=\u00a0\u00bbfull\u00a0\u00bb alignment=\u00a0\u00bbcenter\u00a0\u00bb style=\u00a0\u00bbvc_box_shadow_border\u00a0\u00bb][vc_single_image image=\u00a0\u00bb796&Prime; img_size=\u00a0\u00bbfull\u00a0\u00bb alignment=\u00a0\u00bbcenter\u00a0\u00bb style=\u00a0\u00bbvc_box_shadow_border\u00a0\u00bb][\/vc_column][vc_column width=\u00a0\u00bb3\/4&Prime;][vc_row_inner][vc_column_inner][vc_column_text]<\/p>\n<h1>Accompagner les Signes Officiels de Qualit\u00e9 (SOQ) !<\/h1>\n<p style=\"text-align: justify;\">Gr\u00e2ce \u00e0 son implication forte dans l&rsquo;aval, la coop\u00e9rative de l&rsquo;Agneau Soleil dispose d&rsquo;une logistique et d&rsquo;une force \u00e9conomique importante pour vendre les agneaux de ses adh\u00e9rents. Ceci permet \u00e9galement de mettre en place une v\u00e9ritable politique commerciale bas\u00e9e sur l&rsquo;identification, la d\u00e9marcation et la valorisation de plusieurs types d&rsquo;agneaux. Plus de la moiti\u00e9 des \u00e9levages adh\u00e9rents sont engag\u00e9s dans une d\u00e9marche qualit\u00e9 :<\/p>\n<p>[\/vc_column_text][\/vc_column_inner][\/vc_row_inner][vc_row_inner][vc_column_inner][vc_column_text]<\/p>\n<table width=\"100%\">\n<tbody>\n<tr>\n<td style=\"width: 158px; text-align: center;\"><img loading=\"lazy\" decoding=\"async\" class=\"aligncenter wp-image-236 \" src=\"http:\/\/agneausoleil.com\/agneausoleil\/wp-content\/uploads\/2016\/09\/logo-agneau-sisteron.jpg\" alt=\"logo-agneau-sisteron\" width=\"163\" height=\"106\" srcset=\"https:\/\/agneausoleil.com\/agneausoleil\/wp-content\/uploads\/2016\/09\/logo-agneau-sisteron-200x130.jpg 200w, https:\/\/agneausoleil.com\/agneausoleil\/wp-content\/uploads\/2016\/09\/logo-agneau-sisteron-300x194.jpg 300w, https:\/\/agneausoleil.com\/agneausoleil\/wp-content\/uploads\/2016\/09\/logo-agneau-sisteron-400x259.jpg 400w, https:\/\/agneausoleil.com\/agneausoleil\/wp-content\/uploads\/2016\/09\/logo-agneau-sisteron-460x295.jpg 460w, https:\/\/agneausoleil.com\/agneausoleil\/wp-content\/uploads\/2016\/09\/logo-agneau-sisteron.jpg 500w\" sizes=\"auto, (max-width: 163px) 100vw, 163px\" \/><\/td>\n<td style=\"width: 158px; text-align: center;\"><img loading=\"lazy\" decoding=\"async\" class=\"aligncenter wp-image-180 \" src=\"http:\/\/agneausoleil.com\/agneausoleil\/wp-content\/uploads\/2016\/09\/Logo_adret_LR.png\" alt=\"logo_adret_lr\" width=\"146\" height=\"119\" srcset=\"https:\/\/agneausoleil.com\/agneausoleil\/wp-content\/uploads\/2016\/09\/Logo_adret_LR-200x163.png 200w, https:\/\/agneausoleil.com\/agneausoleil\/wp-content\/uploads\/2016\/09\/Logo_adret_LR-300x245.png 300w, https:\/\/agneausoleil.com\/agneausoleil\/wp-content\/uploads\/2016\/09\/Logo_adret_LR-400x327.png 400w, https:\/\/agneausoleil.com\/agneausoleil\/wp-content\/uploads\/2016\/09\/Logo_adret_LR.png 535w\" sizes=\"auto, (max-width: 146px) 100vw, 146px\" \/><\/td>\n<td style=\"width: 158px; text-align: center;\"><img loading=\"lazy\" decoding=\"async\" class=\"aligncenter wp-image-234 \" src=\"http:\/\/agneausoleil.com\/agneausoleil\/wp-content\/uploads\/2016\/09\/logo-AB.jpg\" alt=\"logo-ab\" width=\"216\" height=\"103\" srcset=\"https:\/\/agneausoleil.com\/agneausoleil\/wp-content\/uploads\/2016\/09\/logo-AB-200x96.jpg 200w, https:\/\/agneausoleil.com\/agneausoleil\/wp-content\/uploads\/2016\/09\/logo-AB-300x143.jpg 300w, https:\/\/agneausoleil.com\/agneausoleil\/wp-content\/uploads\/2016\/09\/logo-AB-400x191.jpg 400w, https:\/\/agneausoleil.com\/agneausoleil\/wp-content\/uploads\/2016\/09\/logo-AB.jpg 500w\" sizes=\"auto, (max-width: 216px) 100vw, 216px\" \/><\/td>\n<\/tr>\n<tr>\n<td style=\"width: 158px; text-align: center;\">\u00a0Agneau de Sisteron Label Rouge<\/p>\n<p><a href=\"http:\/\/www.agneaudesisteron.fr\/\" target=\"_blank\">Pour en savoir plus cliquez ici<\/a><\/td>\n<td style=\"width: 158px; text-align: center;\">\u00a0Agneau de l&rsquo;Adret Label Rouge<\/p>\n<p><a href=\"http:\/\/www.agneau-adret.fr\/\" target=\"_blank\">Pour en savoir plus cliquez ici<\/a><\/td>\n<td style=\"width: 158px; text-align: center;\">\u00a0Agneau Biologique<\/p>\n<p><a href=\"http:\/\/www.agencebio.org\/\" target=\"_blank\">Pour en savoir plus cliquez ici<\/a><\/td>\n<\/tr>\n<\/tbody>\n<\/table>\n<p>[\/vc_column_text][\/vc_column_inner][\/vc_row_inner][vc_column_text]<\/p>\n<p style=\"text-align: justify;\">Les \u00e9leveurs sont engag\u00e9s dans ces signes officiels de qualit\u00e9 pour de multiples raisons :<\/p>\n<ul style=\"text-align: justify;\">\n<li><strong>Economique<\/strong> : les agneaux certifi\u00e9s b\u00e9n\u00e9ficient de plus-values. L\u2019int\u00e9r\u00eat financier est souvent l\u2019\u00e9l\u00e9ment privil\u00e9gi\u00e9 par les \u00e9leveurs.<\/li>\n<li><strong>Id\u00e9ologique<\/strong> : l\u2019image du producteur aux yeux du consommateur est de plus en plus importante. Les \u00e9leveurs produisant sous SOQ garantissent au consommateur un produit qui respecte un cahier des charges strict. En s\u2019engageant dans une d\u00e9marche qualit\u00e9, les \u00e9leveurs cherchent une reconnaissance de leur travail par le consommateur et le grand public.<\/li>\n<li><strong>Technique<\/strong> : les agneaux pr\u00e9sent\u00e9s dans ces d\u00e9marches ne sont pas tous certifi\u00e9s. Chaque ann\u00e9e les \u00e9leveurs essayent d\u2019am\u00e9liorer leur taux de certification, le poids de leurs agneaux. Pour atteindre les objectifs propres \u00e0 chaque exploitation, les \u00e9leveurs doivent remettre en question un ou plusieurs points techniques : la reproduction, l\u2019alimentation, l\u2019engraissement, l\u2019\u00e9tat sanitaire,\u2026<\/li>\n<\/ul>\n<p style=\"text-align: justify;\">Pour accompagner les \u00e9leveurs engag\u00e9s dans ces SOQ, et notamment sur le point technique, la coop\u00e9rative Agneau Soleil intervient de plusieurs fa\u00e7ons :<\/p>\n<ul style=\"text-align: justify;\">\n<li><strong>Conseils techniques<\/strong> : les techniciens de la coop\u00e9rative sont au service des \u00e9leveurs pour les aider \u00e0 identifier les points faibles de leurs \u00e9levages et \u00e0 les am\u00e9liorer. Cela se traduit par du conseil technique, l\u2019\u00e9laboration de protocoles, la mise en place pratique de travaux en communs.<\/li>\n<li><strong>Fourniture de solutions<\/strong> : pour appliquer les conseils donn\u00e9s par les techniciens, la coop\u00e9rative dispose d\u2019une large gamme de mat\u00e9riel d\u2019\u00e9levage \u00e0 la pointe de l\u2019innovation (cage de pes\u00e9e), de reproducteurs m\u00e2les et femelles, mais aussi d\u2019outils d\u2019aide \u00e0 la reproduction (\u00e9chographies, b\u00e9liers vasectomis\u00e9s).<\/li>\n<li><strong>Conseils sanitaires<\/strong> : le v\u00e9t\u00e9rinaire de la coop\u00e9rative intervient dans les \u00e9levages dans le cadre du Programme Sanitaire d&rsquo;Elevage (PSE), il pr\u00e9conise des moyens de lutte ou de pr\u00e9vention pour les maladies ovines, car \u00ab mieux vaut pr\u00e9venir que gu\u00e9rir \u00bb.<\/li>\n<li><strong>Contr\u00f4le<\/strong> : en plus de son r\u00f4le de conseil, la coop\u00e9rative Agneau Soleil, par le biais de ses techniciens g\u00e8re les contr\u00f4les. Ces contr\u00f4les internes (ne concernent pas les \u00e9levages engag\u00e9s en Agriculture Biologique) visent \u00e0 v\u00e9rifier sur chaque exploitation, et chaque ann\u00e9e, que le cahier des charges dans lequel l\u2019\u00e9levage est engag\u00e9 est bien respect\u00e9. Tous les manquements au respect des cahiers des charges sont notifi\u00e9s aux organismes certificateurs par les techniciens. Les organismes certificateurs suivent ensuite la proc\u00e9dure et appliquent des p\u00e9nalit\u00e9s en fonction de la gravit\u00e9 de la non-conformit\u00e9. Cela va du simple justificatif administratif compl\u00e9mentaire au d\u00e9classement d\u2019un lot d\u2019agneaux, voir \u00e0 l\u2019exclusion de la d\u00e9marche en cas de manquement grave.<\/li>\n<\/ul>\n<p style=\"text-align: justify;\">Ainsi, dans notre coop\u00e9rative, la qualit\u00e9 n\u2019est pas un vain mot. Un mot qui se d\u00e9cline concr\u00e8tement sous trois axes forts :<\/p>\n<ul>\n<li style=\"text-align: justify;\">S\u2019engager dans les d\u00e9marches qualit\u00e9.<\/li>\n<li style=\"text-align: justify;\">Accompagner techniquement les \u00e9leveurs pour r\u00e9pondre au mieux aux exigences du produit et pour optimiser les performances d\u2019\u00e9levage.<\/li>\n<li style=\"text-align: justify;\">Contr\u00f4ler le respect des cahiers des charges.<\/li>\n<\/ul>\n<p>[\/vc_column_text][\/vc_column][\/vc_row]<\/p>\n","protected":false},"excerpt":{"rendered":"<p>[vc_row][vc_column width=\u00a0\u00bb3\/4&Prime;][vc_column_text] Accompagner les producteurs pour am\u00e9liorer leurs r\u00e9sultats ! Les suivis technico-\u00e9conomiques r\u00e9alis\u00e9s par la coop\u00e9rative et ses partenaires (les chambres d&rsquo;agriculture) ont plusieurs objectifs : Dresser un \u00e9tat des lieux le plus exhaustif possible de l\u2019\u00e9tat des exploitations adh\u00e9rentes \u00e0 la coop\u00e9rative, reli\u00e9es \u00e0 la fili\u00e8re ovine. Mesurer l\u2019impact et les \u00e9volutions du [&hellip;]<\/p>\n","protected":false},"author":1,"featured_media":0,"parent":0,"menu_order":0,"comment_status":"closed","ping_status":"closed","template":"","meta":{"spay_email":"","footnotes":""},"class_list":["post-405","page","type-page","status-publish","hentry"],"_links":{"self":[{"href":"https:\/\/agneausoleil.com\/agneausoleil\/wp-json\/wp\/v2\/pages\/405","targetHints":{"allow":["GET"]}}],"collection":[{"href":"https:\/\/agneausoleil.com\/agneausoleil\/wp-json\/wp\/v2\/pages"}],"about":[{"href":"https:\/\/agneausoleil.com\/agneausoleil\/wp-json\/wp\/v2\/types\/page"}],"author":[{"embeddable":true,"href":"https:\/\/agneausoleil.com\/agneausoleil\/wp-json\/wp\/v2\/users\/1"}],"replies":[{"embeddable":true,"href":"https:\/\/agneausoleil.com\/agneausoleil\/wp-json\/wp\/v2\/comments?post=405"}],"version-history":[{"count":23,"href":"https:\/\/agneausoleil.com\/agneausoleil\/wp-json\/wp\/v2\/pages\/405\/revisions"}],"predecessor-version":[{"id":809,"href":"https:\/\/agneausoleil.com\/agneausoleil\/wp-json\/wp\/v2\/pages\/405\/revisions\/809"}],"wp:attachment":[{"href":"https:\/\/agneausoleil.com\/agneausoleil\/wp-json\/wp\/v2\/media?parent=405"}],"curies":[{"name":"wp","href":"https:\/\/api.w.org\/{rel}","templated":true}]}}