{"id":401,"date":"2016-10-05T17:39:57","date_gmt":"2016-10-05T15:39:57","guid":{"rendered":"http:\/\/agneausoleil.com\/agneausoleil\/?page_id=401"},"modified":"2026-04-20T17:03:58","modified_gmt":"2026-04-20T15:03:58","slug":"appui-veterinaire","status":"publish","type":"page","link":"https:\/\/agneausoleil.com\/agneausoleil\/appui-veterinaire\/","title":{"rendered":"Suivi v\u00e9t\u00e9rinaire"},"content":{"rendered":"<p>[vc_row][vc_column][vc_column_text]<\/p>\n<h1>Un suivi sanitaire structur\u00e9 : un pilier essentiel pour la pr\u00e9vention, la s\u00e9curit\u00e9 et la qualit\u00e9 des soins!<\/h1>\n<p>[\/vc_column_text][\/vc_column][\/vc_row][vc_row][vc_column width=\u00a0\u00bb2\/3&Prime;][vc_column_text]<\/p>\n<p style=\"text-align: justify;\">Dans le cadre de notre engagement constant en faveur du bien-\u00eatre animal et de l\u2019am\u00e9lioration des performances sanitaires des \u00e9levages, nous sommes heureux de vous annoncer la mise en place d\u2019un partenariat avec la soci\u00e9t\u00e9 <strong data-start=\"326\" data-end=\"338\">Sudelvet<\/strong>. Ce partenariat marque une nouvelle \u00e9tape dans notre volont\u00e9 d\u2019accompagner nos \u00e9leveurs adh\u00e9rents avec des outils innovants et performants. Ensemble, nous mettons en place une solution de <strong data-start=\"527\" data-end=\"556\">suivi sanitaire d\u2019\u00e9levage<\/strong>, pens\u00e9e pour r\u00e9pondre aux enjeux actuels de tra\u00e7abilit\u00e9, de pr\u00e9vention et de ma\u00eetrise sanitaire. Cette offre sera <strong data-start=\"671\" data-end=\"715\">distribu\u00e9e \u00e0 l\u2019ensemble de nos adh\u00e9rents<\/strong>, afin de renforcer l\u2019accompagnement technique et v\u00e9t\u00e9rinaire sur le terrain avec 2 propositions de suivi sanitaire d&rsquo;\u00e9levage :<\/p>\n<p><strong>Proposition 1 :\u00a0<\/strong><\/p>\n<ul>\n<li>Conseil en \u00e9levage suite probl\u00e9matique sp\u00e9cifique r\u00e9currente face \u00e0 une situation difficile<\/li>\n<li>Visite d&rsquo;\u00e9levage, investigations multiples (sanitaire, autopsies, analyses, qualit\u00e9 d&rsquo;eau..)<\/li>\n<li>Visite factur\u00e9e, (revu chaque ann\u00e9e par l&rsquo;ordre des v\u00e9t\u00e9rinaires)<\/li>\n<li>Pas de d\u00e9livrance de m\u00e9dicaments<\/li>\n<\/ul>\n<p><strong>Proposition 2 :\u00a0<\/strong><\/p>\n<p>Proposer un \u00ab\u00a0package\u00a0\u00bb complet aux \u00e9levages qui le souhaitent :<\/p>\n<ul>\n<li>R\u00e9alisation bilan sanitaire, visite(s) de suivi, coprologie incluses<\/li>\n<li>D\u00e9livrance possible de m\u00e9dicaments conform\u00e9ment \u00e0 la r\u00e9glementation en vigueur du m\u00e9dicament<\/li>\n<li>Colisage possible (franco de port \u00e0 400\u20ac HT)<\/li>\n<li>Possibilit\u00e9 d&rsquo;\u00eatre v\u00e9t\u00e9rinaire sanitaire<\/li>\n<li>Facturation \u00e0 la visite du bilan sanitaire<\/li>\n<li>Les prophylaxies ne sont pas incluses, nous restons sur du sanitaire principalement.<\/li>\n<\/ul>\n<p>&nbsp;<\/p>\n<hr \/>\n<p style=\"text-align: justify;\">Ces visites ont pour but de dresser un bilan des pathologies rencontr\u00e9es dans l\u2019\u00e9levage aussi bien chez les agneaux que chez les adultes (brebis, agnelles, b\u00e9liers), de hi\u00e9rarchiser les probl\u00e8mes au mieux afin de conseiller le plus efficacement possible les mesures correctives \u00e0 prendre et les mesures de pr\u00e9vention ou de traitement \u00e0 mettre en place. Lors de ces visites ou en cas de probl\u00e8mes, le v\u00e9t\u00e9rinaire peut \u00e9galement effectuer des autopsies et des pr\u00e9l\u00e8vements en vue d&rsquo;analyses afin de pr\u00e9ciser son diagnostic ; avec la possibilit\u00e9 dans certains cas de prendre en charge tout ou partie du co\u00fbt des analyses r\u00e9alis\u00e9es.<\/p>\n<p style=\"text-align: justify;\">L\u2019objectif est, par ces visites et \u00e9ventuelles analyses compl\u00e9mentaires de mieux cerner les probl\u00e8mes pathologiques existants et d\u2019am\u00e9liorer, gr\u00e2ce aux mesures correctives et surtout pr\u00e9ventives, l\u2019\u00e9tat sanitaire des troupeaux, permettant ainsi un taux de productivit\u00e9 optimum.<\/p>\n<p>[\/vc_column_text][\/vc_column][vc_column width=\u00a0\u00bb1\/3&Prime;][vc_single_image image=\u00a0\u00bb634&Prime; img_size=\u00a0\u00bbfull\u00a0\u00bb alignment=\u00a0\u00bbcenter\u00a0\u00bb style=\u00a0\u00bbvc_box_shadow_border\u00a0\u00bb onclick=\u00a0\u00bblink_image\u00a0\u00bb][\/vc_column][\/vc_row][vc_row][vc_column width=\u00a0\u00bb1\/4&Prime;][\/vc_column][vc_column width=\u00a0\u00bb1\/4&Prime;][\/vc_column][vc_column width=\u00a0\u00bb1\/4&Prime;][\/vc_column][\/vc_row]<\/p>\n","protected":false},"excerpt":{"rendered":"<p>[vc_row][vc_column][vc_column_text] Un suivi sanitaire structur\u00e9 : un pilier essentiel pour la pr\u00e9vention, la s\u00e9curit\u00e9 et la qualit\u00e9 des soins! [\/vc_column_text][\/vc_column][\/vc_row][vc_row][vc_column width=\u00a0\u00bb2\/3&Prime;][vc_column_text] Dans le cadre de notre engagement constant en faveur du bien-\u00eatre animal et de l\u2019am\u00e9lioration des performances sanitaires des \u00e9levages, nous sommes heureux de vous annoncer la mise en place d\u2019un partenariat avec la [&hellip;]<\/p>\n","protected":false},"author":1,"featured_media":0,"parent":0,"menu_order":0,"comment_status":"closed","ping_status":"closed","template":"","meta":{"spay_email":"","footnotes":""},"class_list":["post-401","page","type-page","status-publish","hentry"],"_links":{"self":[{"href":"https:\/\/agneausoleil.com\/agneausoleil\/wp-json\/wp\/v2\/pages\/401","targetHints":{"allow":["GET"]}}],"collection":[{"href":"https:\/\/agneausoleil.com\/agneausoleil\/wp-json\/wp\/v2\/pages"}],"about":[{"href":"https:\/\/agneausoleil.com\/agneausoleil\/wp-json\/wp\/v2\/types\/page"}],"author":[{"embeddable":true,"href":"https:\/\/agneausoleil.com\/agneausoleil\/wp-json\/wp\/v2\/users\/1"}],"replies":[{"embeddable":true,"href":"https:\/\/agneausoleil.com\/agneausoleil\/wp-json\/wp\/v2\/comments?post=401"}],"version-history":[{"count":20,"href":"https:\/\/agneausoleil.com\/agneausoleil\/wp-json\/wp\/v2\/pages\/401\/revisions"}],"predecessor-version":[{"id":2459,"href":"https:\/\/agneausoleil.com\/agneausoleil\/wp-json\/wp\/v2\/pages\/401\/revisions\/2459"}],"wp:attachment":[{"href":"https:\/\/agneausoleil.com\/agneausoleil\/wp-json\/wp\/v2\/media?parent=401"}],"curies":[{"name":"wp","href":"https:\/\/api.w.org\/{rel}","templated":true}]}}