{"id":376,"date":"2016-10-05T16:00:49","date_gmt":"2016-10-05T14:00:49","guid":{"rendered":"http:\/\/agneausoleil.com\/agneausoleil\/?page_id=376"},"modified":"2020-04-07T18:58:48","modified_gmt":"2020-04-07T16:58:48","slug":"achat-de-beliers-vente-de-reproducteurs","status":"publish","type":"page","link":"https:\/\/agneausoleil.com\/agneausoleil\/achat-de-beliers-vente-de-reproducteurs\/","title":{"rendered":"Achat de b\u00e9liers &#8211; Vente de reproducteurs"},"content":{"rendered":"<p>[vc_row][vc_column width=\u00a0\u00bb1\/4&Prime;][vc_round_chart stroke_width=\u00a0\u00bb2&Prime; tooltips=\u00a0\u00bb\u00a0\u00bb values=\u00a0\u00bb%5B%7B%22title%22%3A%22Races%20Bouch%C3%A8res%22%2C%22value%22%3A%2257%22%2C%22color%22%3A%22vista-blue%22%7D%2C%7B%22title%22%3A%22Races%20rustiques%22%2C%22value%22%3A%2243%22%2C%22color%22%3A%22pink%22%7D%5D\u00a0\u00bb title=\u00a0\u00bbLes b\u00e9liers vendus (2015)\u00a0\u00bb][vc_column_text]<\/p>\n<h2 style=\"text-align: justify;\">Achat d&rsquo;un b\u00e9lier ?<\/h2>\n<p style=\"text-align: justify;\">Rappelons que <strong>le surco\u00fbt d\u2019un b\u00e9lier inscrit ne d\u00e9passe pas 50 centimes par agneau produit<\/strong>. Ces quelques centimes sont largement compens\u00e9s par l\u2019apport g\u00e9n\u00e9tique (croissance, conformation\u2026), par les garanties sanitaires et par l\u2019avenir que l\u2019on donne ainsi aux races fran\u00e7aises. Les efforts techniques \u00e0 fournir dans le cadre du label rouge, dans le cadre des sch\u00e9mas de s\u00e9lection ou vis-\u00e0-vis des risques de tremblante justifient amplement l\u2019importance de ce service au sein de l&rsquo;Agneau Soleil.<\/p>\n<p>[\/vc_column_text][\/vc_column][vc_column width=\u00a0\u00bb1\/2&Prime;][vc_column_text]<\/p>\n<h1>Achat de b\u00e9liers reproducteurs :<\/h1>\n<p style=\"text-align: justify;\">La production d\u2019un agneau de boucherie ou d\u2019une agnelle de renouvellement de qualit\u00e9 commence par l\u2019utilisation de b\u00e9liers avec des garanties g\u00e9n\u00e9tiques et sanitaires. De plus, la voie m\u00e2le \u00e9tant\u00a0 la voie la plus rapide d\u2019am\u00e9lioration de la g\u00e9n\u00e9tique, c\u2019est pourquoi la fourniture de b\u00e9liers s\u00e9lectionn\u00e9s est une activit\u00e9 de service essentielle \u00e0 la fili\u00e8re. En 2015 cette activit\u00e9 a concern\u00e9 583 b\u00e9liers.<\/p>\n<p style=\"text-align: justify;\">La grande majorit\u00e9 des b\u00e9liers rustiques que nous diffusons sont issus des Organismes de s\u00e9lection des races et ils sont tous g\u00e9notyp\u00e9s vis-\u00e0-vis de leur r\u00e9sistance \u00e0 la tremblante, en plus des garanties sanitaires habituelles. Nous\u00a0 r\u00e9alisons aussi quelques achats hors UPRA lorsque nous n&rsquo;avons pas les quantit\u00e9s n\u00e9cessaires.<\/p>\n<p style=\"text-align: justify;\">Plus de 90% des b\u00e9liers de races rustiques diffus\u00e9s par l&rsquo;Agneau Soleil sont issus de troupeaux de s\u00e9lection mais destin\u00e9s \u00e0 des \u00e9leveurs hors s\u00e9lection et moins de 10 % sont destin\u00e9s aux \u00e9leveurs s\u00e9lectionneurs. C\u2019est donc un vrai travail de diffusion des progr\u00e8s g\u00e9n\u00e9tiques de la s\u00e9lection que nous r\u00e9alisons.<\/p>\n<p style=\"text-align: justify;\">Depuis 2006 nous organisons des ventes sur les secteurs de notre zone\u00a0 pour les \u00e9leveurs d\u00e9sireux de choisir eux m\u00eame leurs b\u00e9liers (l&rsquo;achat de b\u00e9liers pour les \u00e9leveurs ayant command\u00e9s est bas\u00e9 \u00e9videmment sur des animaux tri\u00e9s au pr\u00e9alable).<\/p>\n<p style=\"text-align: justify;\">Le service de fourniture de b\u00e9liers de reproduction est stable aux alentours de 600 b\u00e9liers par an.<br \/>\nPourtant le r\u00e9el besoin est bien sup\u00e9rieur mais nombreux sont encore les \u00e9leveurs qui n\u00e9gligent les apports de la g\u00e9n\u00e9tique et les garanties sanitaires croyant ainsi \u00e9conomiser quelques dizaines d\u2019euros alors qu\u2019ils se privent d\u2019am\u00e9lioration durable de leur cheptel.\u00a0 Ils oublient \u00e9galement que ce sont ces achats de b\u00e9liers et donc de g\u00e9n\u00e9tique qui p\u00e9rennisent les \u00e9levages de s\u00e9lection qui sont les seuls \u00e0 travailler \u00e0 l\u2019avenir des races.<\/p>\n<p>[\/vc_column_text][\/vc_column][vc_column width=\u00a0\u00bb1\/4&Prime;][vc_single_image image=\u00a0\u00bb377&Prime; img_size=\u00a0\u00bbfull\u00a0\u00bb alignment=\u00a0\u00bbcenter\u00a0\u00bb style=\u00a0\u00bbvc_box_shadow_border\u00a0\u00bb][vc_column_text]<\/p>\n<h2 style=\"text-align: justify;\">Des b\u00e9liers adapt\u00e9s aux conditions locales !<\/h2>\n<p style=\"text-align: justify;\">En 2011, l\u2019acquisition des bergeries de Valernes nous permet d\u2019aller plus loin dans l\u2019adaptation des reproducteurs aux conditions locales d\u2019\u00e9levage par le vieillissement des animaux en ext\u00e9rieur.<\/p>\n<p style=\"text-align: justify;\">Nous maintenons donc tous nos efforts pour diffuser de la g\u00e9n\u00e9tique m\u00e2le \u00e0 un prix acceptable, mais la suppression des aides g\u00e9n\u00e9tiques et la difficult\u00e9 d\u2019augmenter les volumes\u00a0 hypoth\u00e8quent tr\u00e8s s\u00e9rieusement le devenir de la g\u00e9n\u00e9tique y compris celui de nos races rustiques r\u00e9gionales.<\/p>\n<p>[\/vc_column_text][\/vc_column][\/vc_row][vc_row][vc_column][vc_separator color=\u00a0\u00bbcustom\u00a0\u00bb border_width=\u00a0\u00bb2&Prime; accent_color=\u00a0\u00bb#1a80b6&Prime;][\/vc_column][\/vc_row][vc_row][vc_column width=\u00a0\u00bb1\/3&Prime;][vc_single_image image=\u00a0\u00bb757&Prime; img_size=\u00a0\u00bbfull\u00a0\u00bb alignment=\u00a0\u00bbcenter\u00a0\u00bb style=\u00a0\u00bbvc_box_shadow_border\u00a0\u00bb][\/vc_column][vc_column width=\u00a0\u00bb1\/3&Prime;]<div class=\"ult_pricing_table_wrap ult_design_4  ult-cs-blue  \">\n\t\t\t\t\t<div class=\"ult_pricing_table \" style=\"\"><div id=\"price-table-wrap-3516\" class=\"ult_pricing_heading\">\n\t\t\t\t\t\t\t<h3 class=\"ult-responsive cust-headformat\"  data-ultimate-target='#price-table-wrap-3516 .cust-headformat'  data-responsive-json-new='{\"font-size\":\"\",\"line-height\":\"\"}'  style=\"font-weight:normal;\">Pour commander des reproducteurs<\/h3><h5 class=\"ult-responsive cust-subhead\"  data-ultimate-target='#price-table-wrap-3516 .cust-subhead'  data-responsive-json-new='{\"font-size\":\"\",\"line-height\":\"\"}'  style=\"font-weight:normal;\">Contactez nous !<\/h5><\/div><!--ult_pricing_heading--><div class=\"ult_price_body_block\">\n\t\t\t\t\t\t\t<div class=\"ult_price_body\">\n\t\t\t\t\t\t\t\t<div id=\"price-table-wrap-5755\"  class=\"ult_price\">\n\t\t\t\t\t\t\t\t\t<span  data-ultimate-target='#price-table-wrap-5755 .ult_price_figure'  data-responsive-json-new='{\"font-size\":\"\",\"line-height\":\"\"}'  class=\"ult_price_figure ult-responsive\" style=\"font-weight:normal;\"><\/span>\n\t\t\t\t\t\t\t\t\t<span  data-ultimate-target='#price-table-wrap-5755 .ult_price_term'  data-responsive-json-new='{\"font-size\":\"\",\"line-height\":\"\"}'  class=\"ult_price_term ult-responsive\" style=\"font-weight:normal;\"><\/span>\n\t\t\t\t\t\t\t\t<\/div>\n\t\t\t\t\t\t\t<\/div>\n\t\t\t\t\t\t<\/div><!--ult_price_body_block--><div id=\"price-table-features-wrap-9521\" class=\"ult_price_features ult-responsive\"  data-ultimate-target='#price-table-features-wrap-9521'  data-responsive-json-new='{\"font-size\":\"\",\"line-height\":\"\"}'  style=\"font-weight:normal;\">\n\t\t\t\t\t\t\t\n\t\t\t\t\t\t<\/div><!--ult_price_features--><div id=\"price-table-button-wrap-9875\" class=\"ult_price_link\">\n\t\t\t\t\t\t\t<a  data-ultimate-target='#price-table-button-wrap-9875 .ult_price_action_button'  data-responsive-json-new='{\"font-size\":\"\",\"line-height\":\"\"}'  href=\"http:\/\/agneausoleil.com\/agneausoleil\/acheter-beliers-agnelles\/\" target=\"\" class=\"ult_price_action_button ult-responsive\" style=\" font-weight:normal;\">Cliquez ici<\/a>\n\t\t\t\t\t\t<\/div><!--ult_price_link--><div class=\"ult_clr\"><\/div>\n\t\t\t<\/div><!--pricing_table-->\n\t\t<\/div><!--pricing_table_wrap-->[\/vc_column][vc_column width=\u00a0\u00bb1\/3&Prime;][vc_single_image image=\u00a0\u00bb756&Prime; img_size=\u00a0\u00bbfull\u00a0\u00bb alignment=\u00a0\u00bbcenter\u00a0\u00bb style=\u00a0\u00bbvc_box_shadow_border\u00a0\u00bb][\/vc_column][\/vc_row][vc_row][vc_column][vc_separator color=\u00a0\u00bbcustom\u00a0\u00bb border_width=\u00a0\u00bb2&Prime; accent_color=\u00a0\u00bb#1a80b6&Prime;][\/vc_column][\/vc_row][vc_row][vc_column width=\u00a0\u00bb1\/4&Prime;][vc_single_image image=\u00a0\u00bb378&Prime; img_size=\u00a0\u00bbfull\u00a0\u00bb alignment=\u00a0\u00bbcenter\u00a0\u00bb style=\u00a0\u00bbvc_box_shadow_border\u00a0\u00bb][\/vc_column][vc_column width=\u00a0\u00bb1\/2&Prime;][vc_column_text]<\/p>\n<h1>Fournitures d&rsquo;agnelles de reproduction :<\/h1>\n<p style=\"text-align: justify;\">La production d\u2019agneau de qualit\u00e9 avec croisement viande implique n\u00e9cessairement la prise en compte et l\u2019organisation du renouvellement du troupeau souche de race rustique. Dans ce cadre, la mise en place d\u2019une fili\u00e8re g\u00e9n\u00e9tique bas\u00e9e sur des commandes contractuelles de femelles de renouvellement est indispensable car elle permet :<\/p>\n<ul>\n<li style=\"text-align: justify;\">De conforter les syst\u00e8mes de production d\u2019agneaux de boucherie et de production de reproducteurs en race rustique en faisant jouer les compl\u00e9mentarit\u00e9s r\u00e9gionales entre secteurs pastoraux et d\u2019autres secteurs plus intensifs,<\/li>\n<li style=\"text-align: justify;\">D\u2019am\u00e9liorer le potentiel g\u00e9n\u00e9tique des troupeaux,<\/li>\n<li style=\"text-align: justify;\">De ma\u00eetriser les conditions sanitaires,<\/li>\n<li style=\"text-align: justify;\">De simplifier l\u2019organisation du travail.<\/li>\n<\/ul>\n<p style=\"text-align: justify;\">Sur la base de commandes effectu\u00e9es par les \u00e9leveurs (achat de b\u00e9liers et d&rsquo;agnelles), les services de la coop\u00e9rative s\u00e9lectionnent et ach\u00e8tent des jeunes femelles destin\u00e9es \u00e0 la reproduction dans les troupeaux des exploitants de la coop\u00e9rative. Celles-ci pr\u00e9sentent un maximum de garanties sanitaires et sont d\u00e9parasit\u00e9es avant livraison aux acheteurs. L\u00e0 aussi, les infrastructures des bergeries de Valernes permettent un allotement et des contr\u00f4les v\u00e9t\u00e9rinaires s\u00e9rieux.<\/p>\n<p style=\"text-align: justify;\">Pour produire des agneaux de qualit\u00e9 dans des \u00e9levages rentables et durables, la premi\u00e8re\u00a0 des conditions est de disposer de troupeaux souches pr\u00e9sentant de bonnes qualit\u00e9s g\u00e9n\u00e9tiques. Organiser la fili\u00e8re avec des \u00e9leveurs producteurs d\u2019agneaux de boucherie et d\u2019autres plut\u00f4t sp\u00e9cialis\u00e9s dans la production de reproducteurs de grande valeur g\u00e9n\u00e9tique \u00e0 destination des producteurs d\u2019agneaux de boucherie. Voil\u00e0 les objectifs de l&rsquo;Agneau Soleil pour avancer dans l\u2019am\u00e9lioration quantitative et qualitative de la production d\u2019agneaux. Ceci pour la plus grande satisfaction des consommateurs et pour la p\u00e9rennisation de nos \u00e9levages ovins du grand Sud-Est.<\/p>\n<p>[\/vc_column_text][\/vc_column][vc_column width=\u00a0\u00bb1\/4&Prime;][vc_round_chart stroke_width=\u00a0\u00bb2&Prime; tooltips=\u00a0\u00bb\u00a0\u00bb values=\u00a0\u00bb%5B%7B%22title%22%3A%22Mourerous%22%2C%22value%22%3A%22446%22%2C%22color%22%3A%22vista-blue%22%7D%2C%7B%22title%22%3A%22M%C3%A9rinos%20d&rsquo;Arles%22%2C%22value%22%3A%222889%22%2C%22color%22%3A%22pink%22%7D%2C%7B%22title%22%3A%22Pr%C3%A9alpes%20du%20Sud%22%2C%22value%22%3A%22779%22%2C%22color%22%3A%22chino%22%2C%22custom_color%22%3A%22%23ebebeb%22%7D%2C%7B%22title%22%3A%22Romane%22%2C%22value%22%3A%22391%22%2C%22color%22%3A%22green%22%2C%22custom_color%22%3A%22%234cadc9%22%7D%2C%7B%22title%22%3A%22Booroola%22%2C%22value%22%3A%22127%22%2C%22color%22%3A%22turquoise%22%2C%22custom_color%22%3A%22%23f4524d%22%7D%5D\u00a0\u00bb title=\u00a0\u00bbLes agnelles vendus (2015)\u00a0\u00bb][\/vc_column][\/vc_row]<\/p>\n","protected":false},"excerpt":{"rendered":"<p>[vc_row][vc_column width=\u00a0\u00bb1\/4&Prime;][vc_round_chart stroke_width=\u00a0\u00bb2&Prime; tooltips=\u00a0\u00bb\u00a0\u00bb values=\u00a0\u00bb%5B%7B%22title%22%3A%22Races%20Bouch%C3%A8res%22%2C%22value%22%3A%2257%22%2C%22color%22%3A%22vista-blue%22%7D%2C%7B%22title%22%3A%22Races%20rustiques%22%2C%22value%22%3A%2243%22%2C%22color%22%3A%22pink%22%7D%5D\u00a0\u00bb title=\u00a0\u00bbLes b\u00e9liers vendus (2015)\u00a0\u00bb][vc_column_text] Achat d&rsquo;un b\u00e9lier ? Rappelons que le surco\u00fbt d\u2019un b\u00e9lier inscrit ne d\u00e9passe pas 50 centimes par agneau produit. Ces quelques centimes sont largement compens\u00e9s par l\u2019apport g\u00e9n\u00e9tique (croissance, conformation\u2026), par les garanties sanitaires et par l\u2019avenir que l\u2019on donne ainsi aux races fran\u00e7aises. Les efforts [&hellip;]<\/p>\n","protected":false},"author":1,"featured_media":0,"parent":0,"menu_order":0,"comment_status":"closed","ping_status":"closed","template":"","meta":{"spay_email":"","footnotes":""},"class_list":["post-376","page","type-page","status-publish","hentry"],"_links":{"self":[{"href":"https:\/\/agneausoleil.com\/agneausoleil\/wp-json\/wp\/v2\/pages\/376","targetHints":{"allow":["GET"]}}],"collection":[{"href":"https:\/\/agneausoleil.com\/agneausoleil\/wp-json\/wp\/v2\/pages"}],"about":[{"href":"https:\/\/agneausoleil.com\/agneausoleil\/wp-json\/wp\/v2\/types\/page"}],"author":[{"embeddable":true,"href":"https:\/\/agneausoleil.com\/agneausoleil\/wp-json\/wp\/v2\/users\/1"}],"replies":[{"embeddable":true,"href":"https:\/\/agneausoleil.com\/agneausoleil\/wp-json\/wp\/v2\/comments?post=376"}],"version-history":[{"count":17,"href":"https:\/\/agneausoleil.com\/agneausoleil\/wp-json\/wp\/v2\/pages\/376\/revisions"}],"predecessor-version":[{"id":1491,"href":"https:\/\/agneausoleil.com\/agneausoleil\/wp-json\/wp\/v2\/pages\/376\/revisions\/1491"}],"wp:attachment":[{"href":"https:\/\/agneausoleil.com\/agneausoleil\/wp-json\/wp\/v2\/media?parent=376"}],"curies":[{"name":"wp","href":"https:\/\/api.w.org\/{rel}","templated":true}]}}