{"id":339,"date":"2016-10-05T15:17:40","date_gmt":"2016-10-05T13:17:40","guid":{"rendered":"http:\/\/agneausoleil.com\/agneausoleil\/?page_id=339"},"modified":"2025-09-18T14:29:58","modified_gmt":"2025-09-18T12:29:58","slug":"materiel-elevage","status":"publish","type":"page","link":"https:\/\/agneausoleil.com\/agneausoleil\/materiel-elevage\/","title":{"rendered":"Magasins sp\u00e9cialis\u00e9s dans le mat\u00e9riel d&rsquo;\u00e9levage"},"content":{"rendered":"<p>[vc_row][vc_column][vc_column_text]<\/p>\n<h1>Les sp\u00e9cialistes du mat\u00e9riel d&rsquo;\u00e9levage au service de tous !<\/h1>\n<p style=\"text-align: justify;\">La coop\u00e9rative l&rsquo;Agneau Soleil est maintenant compos\u00e9e de 5 magasins sp\u00e9cialis\u00e9s dans le mat\u00e9riel d&rsquo;\u00e9levage r\u00e9partis sur les r\u00e9gions PACA et Rh\u00f4ne-Alpes. Issus de la fusion de 2 coop\u00e9ratives (Bergers du Soleil et Provalp l&rsquo;Agneau du Sud), ils offrent \u00e0 nos clients de nouveaux produits et de nouveaux services. Avec l&rsquo;installation de la coop\u00e9rative bovine 04-05 dans nos locaux de Gap, un partenariat est d\u00e9sormais en place, offrant \u00e0 leurs adh\u00e9rents des produits et tarifs attractifs. Aujourd&rsquo;hui, nous conservons une politique commerciale conforme aux statuts originels de nos deux groupements de producteurs. Notre d\u00e9veloppement commercial est toujours bas\u00e9 sur les principes suivants :<\/p>\n<ul>\n<li><strong>proposer<\/strong> des produits s\u00e9lectionn\u00e9s pour leur qualit\u00e9 professionnelle \u00e0 prix serr\u00e9s<\/li>\n<li><strong>apporter<\/strong> des services aux adh\u00e9rents (livraison, installation, r\u00e9paration, \u00e9change, location)<\/li>\n<li><strong>innover<\/strong> en recherchant des nouveaux produits adapt\u00e9s aux transformation du m\u00e9tier d&rsquo;\u00e9leveur<\/li>\n<li><strong>donner<\/strong> des conseils adapt\u00e9s, proposer des solutions techniques.<\/li>\n<\/ul>\n<p>[\/vc_column_text][\/vc_column][\/vc_row][vc_row][vc_column][vc_column_text]<\/p>\n<h1>NOUVEAU : Liens pour consulter nos catalogues<\/h1>\n<ul>\n<li><strong><a href=\"https:\/\/agneausoleil.com\/agneausoleil\/download\/catalogue-bio-multi-especes\/\">Catalogue BIO Multi-esp\u00e8ces<\/a><\/strong><\/li>\n<li><strong>Catalogue PROJET : en cours de construction <\/strong><\/li>\n<li><strong>Catalogue MAGASIN : en cours de construction<\/strong><\/li>\n<\/ul>\n<p>[\/vc_column_text][\/vc_column][\/vc_row][vc_row][vc_column][vc_images_carousel images=\u00a0\u00bb349,350,351,352,353,354,355,364,363,362,361,360,359,358,357,366,367,368,369,371,372,373&Prime; img_size=\u00a0\u00bbfull\u00a0\u00bb onclick=\u00a0\u00bblink_no\u00a0\u00bb speed=\u00a0\u00bb1000&Prime; slides_per_view=\u00a0\u00bb4&Prime; autoplay=\u00a0\u00bbyes\u00a0\u00bb hide_pagination_control=\u00a0\u00bbyes\u00a0\u00bb hide_prev_next_buttons=\u00a0\u00bbyes\u00a0\u00bb wrap=\u00a0\u00bbyes\u00a0\u00bb][\/vc_column][\/vc_row][vc_row][vc_column width=\u00a0\u00bb1\/2&Prime;][vc_column_text]<\/p>\n<h1>Aujourd&rsquo;hui, le service \u00ab\u00a0appro\u00a0\u00bb c&rsquo;est :<\/h1>\n<ul>\n<li>\n<div>5 magasins r\u00e9partis sur les r\u00e9gions PACA et Rh\u00f4ne-Alpes<\/div>\n<\/li>\n<li>\n<div>une \u00e9quipe de 14 salari\u00e9s sp\u00e9cialis\u00e9s dans la vente de mat\u00e9riel d&rsquo;\u00e9levage<\/div>\n<\/li>\n<li>\n<div>une gamme qui comporte 5000 r\u00e9f\u00e9rences<\/div>\n<\/li>\n<li>de l&rsquo;innovation et des exclusivit\u00e9s<\/li>\n<li>\n<div>un stock important sur Sisteron, Gap et Saint martin de Crau<\/div>\n<\/li>\n<li>\n<div>des partenariats avec des fournisseurs (+50) s\u00e9lectionn\u00e9s pour leur s\u00e9rieux et la qualit\u00e9 de leurs produits<\/div>\n<\/li>\n<li>\n<div>des clients professionnels dans tous les secteurs de l&rsquo;\u00e9levage : ovins, caprins, bovins, \u00e9quins et canins<\/div>\n<\/li>\n<li>\n<div>des clients \u00ab\u00a0amateurs\u00a0\u00bb qui choisissent les conseils et les produits des \u00ab\u00a0pros\u00a0\u00bb<\/div>\n<\/li>\n<li>\n<div>des tarifs particuliers pour les coop\u00e9rateurs<strong><br \/>\n<\/strong><\/div>\n<\/li>\n<\/ul>\n<div><strong>\u00a0Venez nous rencontrer !<\/strong><\/div>\n<p>[\/vc_column_text]<div class=\"ult_pricing_table_wrap ult_info_table ult_design_5  ult-cs-blue  \">\n\t\t\t\t\t<div class=\"ult_pricing_table \" style=\" \"><div id=\"Info-table-wrap-4467\" class=\"ult_pricing_heading\" style=\"\">\n\t\t\t\t\t\t\t<h3 class=\"ult-responsive\"  data-ultimate-target='#Info-table-wrap-4467 h3'  data-responsive-json-new='{\"font-size\":\"desktop:20px;\",\"line-height\":\"\"}'  style=\"font-weight:normal;\">Des techniciens sp\u00e9cialis\u00e9s \u00e0 votre service !<\/h3><\/div><!--ult_pricing_heading--><div id=\"info_table_features_wrap-2579\"  data-ultimate-target='#info_table_features_wrap-2579.ult_price_features'  data-responsive-json-new='{\"font-size\":\"\",\"line-height\":\"\"}'  class=\"ult-responsive ult_price_features\" style=\"font-weight:normal;\">\n\t\t\t\t\t\t\t<p>Ils connaissent les probl\u00e8mes de terrain&#8230;<\/p>\n<p>&#8230;ils sauront vous guider pour trouver des solutions adapt\u00e9es<\/p>\n\n\t\t\t\t\t\t<\/div><!--ult_price_features--><div class=\"ult_clr\"><\/div>\n\t\t\t<\/div><!--pricing_table-->\n\t\t<\/div><!--pricing_table_wrap-->[\/vc_column][vc_column width=\u00a0\u00bb1\/2&Prime;][vc_column_text]<\/p>\n<div class=\"tiled-gallery type-rectangular tiled-gallery-unresized\" data-original-width=\"1300\" data-carousel-extra='null' itemscope itemtype=\"http:\/\/schema.org\/ImageGallery\" > <div class=\"gallery-row\" style=\"width: 1300px; height: 651px;\" data-original-width=\"1300\" data-original-height=\"651\" > <div class=\"gallery-group images-1\" style=\"width: 867px; height: 651px;\" data-original-width=\"867\" data-original-height=\"651\" > <div class=\"tiled-gallery-item tiled-gallery-item-large\" itemprop=\"associatedMedia\" itemscope itemtype=\"http:\/\/schema.org\/ImageObject\"> <a href=\"https:\/\/i0.wp.com\/agneausoleil.com\/agneausoleil\/wp-content\/uploads\/2016\/10\/magasin-sist.12.jpg?ssl=1\" border=\"0\" itemprop=\"url\"> <meta itemprop=\"width\" content=\"863\"> <meta itemprop=\"height\" content=\"647\"> <img loading=\"lazy\" decoding=\"async\" data-attachment-id=\"345\" data-orig-file=\"https:\/\/agneausoleil.com\/agneausoleil\/wp-content\/uploads\/2016\/10\/magasin-sist.12.jpg\" data-orig-size=\"691,518\" data-comments-opened=\"\" data-image-meta=\"{&quot;aperture&quot;:&quot;0&quot;,&quot;credit&quot;:&quot;&quot;,&quot;camera&quot;:&quot;&quot;,&quot;caption&quot;:&quot;&quot;,&quot;created_timestamp&quot;:&quot;0&quot;,&quot;copyright&quot;:&quot;&quot;,&quot;focal_length&quot;:&quot;0&quot;,&quot;iso&quot;:&quot;0&quot;,&quot;shutter_speed&quot;:&quot;0&quot;,&quot;title&quot;:&quot;&quot;,&quot;orientation&quot;:&quot;0&quot;}\" data-image-title=\"magasin-sist-12\" data-image-description=\"\" data-medium-file=\"https:\/\/agneausoleil.com\/agneausoleil\/wp-content\/uploads\/2016\/10\/magasin-sist.12-300x225.jpg\" data-large-file=\"https:\/\/agneausoleil.com\/agneausoleil\/wp-content\/uploads\/2016\/10\/magasin-sist.12.jpg\" src=\"https:\/\/i0.wp.com\/agneausoleil.com\/agneausoleil\/wp-content\/uploads\/2016\/10\/magasin-sist.12.jpg?w=863&#038;h=647&#038;ssl=1\" width=\"863\" height=\"647\" data-original-width=\"863\" data-original-height=\"647\" itemprop=\"http:\/\/schema.org\/image\" title=\"magasin-sist-12\" alt=\"Mat\u00e9riel d&#039;\u00e9levage \u00e0 Sisteron\" style=\"width: 863px; height: 647px;\" \/> <\/a> <div class=\"tiled-gallery-caption\" itemprop=\"caption description\"> Magasin de Sisteron <\/div> <\/div> <\/div> <!-- close group --> <div class=\"gallery-group images-2\" style=\"width: 433px; height: 651px;\" data-original-width=\"433\" data-original-height=\"651\" > <div class=\"tiled-gallery-item tiled-gallery-item-large\" itemprop=\"associatedMedia\" itemscope itemtype=\"http:\/\/schema.org\/ImageObject\"> <a href=\"https:\/\/i0.wp.com\/agneausoleil.com\/agneausoleil\/wp-content\/uploads\/2016\/10\/gap18.jpg?ssl=1\" border=\"0\" itemprop=\"url\"> <meta itemprop=\"width\" content=\"429\"> <meta itemprop=\"height\" content=\"322\"> <img loading=\"lazy\" decoding=\"async\" data-attachment-id=\"1185\" data-orig-file=\"https:\/\/agneausoleil.com\/agneausoleil\/wp-content\/uploads\/2016\/10\/gap18.jpg\" data-orig-size=\"1152,864\" data-comments-opened=\"\" data-image-meta=\"{&quot;aperture&quot;:&quot;0&quot;,&quot;credit&quot;:&quot;&quot;,&quot;camera&quot;:&quot;&quot;,&quot;caption&quot;:&quot;&quot;,&quot;created_timestamp&quot;:&quot;0&quot;,&quot;copyright&quot;:&quot;&quot;,&quot;focal_length&quot;:&quot;0&quot;,&quot;iso&quot;:&quot;0&quot;,&quot;shutter_speed&quot;:&quot;0&quot;,&quot;title&quot;:&quot;&quot;,&quot;orientation&quot;:&quot;0&quot;}\" data-image-title=\"gap18\" data-image-description=\"\" data-medium-file=\"https:\/\/agneausoleil.com\/agneausoleil\/wp-content\/uploads\/2016\/10\/gap18-300x225.jpg\" data-large-file=\"https:\/\/agneausoleil.com\/agneausoleil\/wp-content\/uploads\/2016\/10\/gap18-1024x768.jpg\" src=\"https:\/\/i0.wp.com\/agneausoleil.com\/agneausoleil\/wp-content\/uploads\/2016\/10\/gap18.jpg?w=429&#038;h=322&#038;ssl=1\" width=\"429\" height=\"322\" data-original-width=\"429\" data-original-height=\"322\" itemprop=\"http:\/\/schema.org\/image\" title=\"gap18\" alt=\"Magasin de Gap\" style=\"width: 429px; height: 322px;\" \/> <\/a> <div class=\"tiled-gallery-caption\" itemprop=\"caption description\"> Magasin de Gap <\/div> <\/div> <div class=\"tiled-gallery-item tiled-gallery-item-large\" itemprop=\"associatedMedia\" itemscope itemtype=\"http:\/\/schema.org\/ImageObject\"> <a href=\"https:\/\/i0.wp.com\/agneausoleil.com\/agneausoleil\/wp-content\/uploads\/2016\/09\/magasin-montmeyan-4.jpg?ssl=1\" border=\"0\" itemprop=\"url\"> <meta itemprop=\"width\" content=\"429\"> <meta itemprop=\"height\" content=\"321\"> <img loading=\"lazy\" decoding=\"async\" data-attachment-id=\"134\" data-orig-file=\"https:\/\/agneausoleil.com\/agneausoleil\/wp-content\/uploads\/2016\/09\/magasin-montmeyan-4.jpg\" data-orig-size=\"922,691\" data-comments-opened=\"\" data-image-meta=\"{&quot;aperture&quot;:&quot;0&quot;,&quot;credit&quot;:&quot;&quot;,&quot;camera&quot;:&quot;&quot;,&quot;caption&quot;:&quot;&quot;,&quot;created_timestamp&quot;:&quot;0&quot;,&quot;copyright&quot;:&quot;&quot;,&quot;focal_length&quot;:&quot;0&quot;,&quot;iso&quot;:&quot;0&quot;,&quot;shutter_speed&quot;:&quot;0&quot;,&quot;title&quot;:&quot;&quot;,&quot;orientation&quot;:&quot;0&quot;}\" data-image-title=\"magasin-montmeyan-4\" data-image-description=\"\" data-medium-file=\"https:\/\/agneausoleil.com\/agneausoleil\/wp-content\/uploads\/2016\/09\/magasin-montmeyan-4-300x225.jpg\" data-large-file=\"https:\/\/agneausoleil.com\/agneausoleil\/wp-content\/uploads\/2016\/09\/magasin-montmeyan-4.jpg\" src=\"https:\/\/i0.wp.com\/agneausoleil.com\/agneausoleil\/wp-content\/uploads\/2016\/09\/magasin-montmeyan-4.jpg?w=429&#038;h=321&#038;ssl=1\" width=\"429\" height=\"321\" data-original-width=\"429\" data-original-height=\"321\" itemprop=\"http:\/\/schema.org\/image\" title=\"magasin-montmeyan-4\" alt=\"Magasin de Montmeyan\" style=\"width: 429px; height: 321px;\" \/> <\/a> <div class=\"tiled-gallery-caption\" itemprop=\"caption description\"> Magasin de Montmeyan <\/div> <\/div> <\/div> <!-- close group --> <\/div> <!-- close row --> <div class=\"gallery-row\" style=\"width: 1300px; height: 326px;\" data-original-width=\"1300\" data-original-height=\"326\" > <div class=\"gallery-group images-1\" style=\"width: 433px; height: 326px;\" data-original-width=\"433\" data-original-height=\"326\" > <div class=\"tiled-gallery-item tiled-gallery-item-large\" itemprop=\"associatedMedia\" itemscope itemtype=\"http:\/\/schema.org\/ImageObject\"> <a href=\"https:\/\/i0.wp.com\/agneausoleil.com\/agneausoleil\/wp-content\/uploads\/2016\/10\/gap17.jpg?ssl=1\" border=\"0\" itemprop=\"url\"> <meta itemprop=\"width\" content=\"429\"> <meta itemprop=\"height\" content=\"322\"> <img loading=\"lazy\" decoding=\"async\" data-attachment-id=\"1187\" data-orig-file=\"https:\/\/agneausoleil.com\/agneausoleil\/wp-content\/uploads\/2016\/10\/gap17.jpg\" data-orig-size=\"1152,864\" data-comments-opened=\"\" data-image-meta=\"{&quot;aperture&quot;:&quot;0&quot;,&quot;credit&quot;:&quot;&quot;,&quot;camera&quot;:&quot;&quot;,&quot;caption&quot;:&quot;&quot;,&quot;created_timestamp&quot;:&quot;0&quot;,&quot;copyright&quot;:&quot;&quot;,&quot;focal_length&quot;:&quot;0&quot;,&quot;iso&quot;:&quot;0&quot;,&quot;shutter_speed&quot;:&quot;0&quot;,&quot;title&quot;:&quot;&quot;,&quot;orientation&quot;:&quot;0&quot;}\" data-image-title=\"gap17\" data-image-description=\"\" data-medium-file=\"https:\/\/agneausoleil.com\/agneausoleil\/wp-content\/uploads\/2016\/10\/gap17-300x225.jpg\" data-large-file=\"https:\/\/agneausoleil.com\/agneausoleil\/wp-content\/uploads\/2016\/10\/gap17-1024x768.jpg\" src=\"https:\/\/i0.wp.com\/agneausoleil.com\/agneausoleil\/wp-content\/uploads\/2016\/10\/gap17.jpg?w=429&#038;h=322&#038;ssl=1\" width=\"429\" height=\"322\" data-original-width=\"429\" data-original-height=\"322\" itemprop=\"http:\/\/schema.org\/image\" title=\"gap17\" alt=\"Magasin de Gap\" style=\"width: 429px; height: 322px;\" \/> <\/a> <div class=\"tiled-gallery-caption\" itemprop=\"caption description\"> Magasin de Gap <\/div> <\/div> <\/div> <!-- close group --> <div class=\"gallery-group images-1\" style=\"width: 434px; height: 326px;\" data-original-width=\"434\" data-original-height=\"326\" > <div class=\"tiled-gallery-item tiled-gallery-item-large\" itemprop=\"associatedMedia\" itemscope itemtype=\"http:\/\/schema.org\/ImageObject\"> <a href=\"https:\/\/i0.wp.com\/agneausoleil.com\/agneausoleil\/wp-content\/uploads\/2016\/10\/magasin-sist-10.jpg?ssl=1\" border=\"0\" itemprop=\"url\"> <meta itemprop=\"width\" content=\"430\"> <meta itemprop=\"height\" content=\"322\"> <img loading=\"lazy\" decoding=\"async\" data-attachment-id=\"340\" data-orig-file=\"https:\/\/agneausoleil.com\/agneausoleil\/wp-content\/uploads\/2016\/10\/magasin-sist-10.jpg\" data-orig-size=\"691,518\" data-comments-opened=\"\" data-image-meta=\"{&quot;aperture&quot;:&quot;0&quot;,&quot;credit&quot;:&quot;&quot;,&quot;camera&quot;:&quot;&quot;,&quot;caption&quot;:&quot;&quot;,&quot;created_timestamp&quot;:&quot;0&quot;,&quot;copyright&quot;:&quot;&quot;,&quot;focal_length&quot;:&quot;0&quot;,&quot;iso&quot;:&quot;0&quot;,&quot;shutter_speed&quot;:&quot;0&quot;,&quot;title&quot;:&quot;&quot;,&quot;orientation&quot;:&quot;0&quot;}\" data-image-title=\"magasin-sist-10\" data-image-description=\"\" data-medium-file=\"https:\/\/agneausoleil.com\/agneausoleil\/wp-content\/uploads\/2016\/10\/magasin-sist-10-300x225.jpg\" data-large-file=\"https:\/\/agneausoleil.com\/agneausoleil\/wp-content\/uploads\/2016\/10\/magasin-sist-10.jpg\" src=\"https:\/\/i0.wp.com\/agneausoleil.com\/agneausoleil\/wp-content\/uploads\/2016\/10\/magasin-sist-10.jpg?w=430&#038;h=322&#038;ssl=1\" width=\"430\" height=\"322\" data-original-width=\"430\" data-original-height=\"322\" itemprop=\"http:\/\/schema.org\/image\" title=\"magasin-sist-10\" alt=\"Magasin de Sisteron\" style=\"width: 430px; height: 322px;\" \/> <\/a> <div class=\"tiled-gallery-caption\" itemprop=\"caption description\"> Magasin de Sisteron <\/div> <\/div> <\/div> <!-- close group --> <div class=\"gallery-group images-1\" style=\"width: 433px; height: 326px;\" data-original-width=\"433\" data-original-height=\"326\" > <div class=\"tiled-gallery-item tiled-gallery-item-large\" itemprop=\"associatedMedia\" itemscope itemtype=\"http:\/\/schema.org\/ImageObject\"> <a href=\"https:\/\/i0.wp.com\/agneausoleil.com\/agneausoleil\/wp-content\/uploads\/2016\/10\/gap8.jpg?ssl=1\" border=\"0\" itemprop=\"url\"> <meta itemprop=\"width\" content=\"429\"> <meta itemprop=\"height\" content=\"322\"> <img loading=\"lazy\" decoding=\"async\" data-attachment-id=\"1184\" data-orig-file=\"https:\/\/agneausoleil.com\/agneausoleil\/wp-content\/uploads\/2016\/10\/gap8.jpg\" data-orig-size=\"1152,864\" data-comments-opened=\"\" data-image-meta=\"{&quot;aperture&quot;:&quot;0&quot;,&quot;credit&quot;:&quot;&quot;,&quot;camera&quot;:&quot;&quot;,&quot;caption&quot;:&quot;&quot;,&quot;created_timestamp&quot;:&quot;0&quot;,&quot;copyright&quot;:&quot;&quot;,&quot;focal_length&quot;:&quot;0&quot;,&quot;iso&quot;:&quot;0&quot;,&quot;shutter_speed&quot;:&quot;0&quot;,&quot;title&quot;:&quot;&quot;,&quot;orientation&quot;:&quot;0&quot;}\" data-image-title=\"gap8\" data-image-description=\"\" data-medium-file=\"https:\/\/agneausoleil.com\/agneausoleil\/wp-content\/uploads\/2016\/10\/gap8-300x225.jpg\" data-large-file=\"https:\/\/agneausoleil.com\/agneausoleil\/wp-content\/uploads\/2016\/10\/gap8-1024x768.jpg\" src=\"https:\/\/i0.wp.com\/agneausoleil.com\/agneausoleil\/wp-content\/uploads\/2016\/10\/gap8.jpg?w=429&#038;h=322&#038;ssl=1\" width=\"429\" height=\"322\" data-original-width=\"429\" data-original-height=\"322\" itemprop=\"http:\/\/schema.org\/image\" title=\"gap8\" alt=\"Magasin de Gap\" style=\"width: 429px; height: 322px;\" \/> <\/a> <div class=\"tiled-gallery-caption\" itemprop=\"caption description\"> Magasin de Gap <\/div> <\/div> <\/div> <!-- close group --> <\/div> <!-- close row --> <div class=\"gallery-row\" style=\"width: 1300px; height: 245px;\" data-original-width=\"1300\" data-original-height=\"245\" > <div class=\"gallery-group images-1\" style=\"width: 325px; height: 245px;\" data-original-width=\"325\" data-original-height=\"245\" > <div class=\"tiled-gallery-item tiled-gallery-item-large\" itemprop=\"associatedMedia\" itemscope itemtype=\"http:\/\/schema.org\/ImageObject\"> <a href=\"https:\/\/i0.wp.com\/agneausoleil.com\/agneausoleil\/wp-content\/uploads\/2016\/10\/magasin-sist-11.jpg?ssl=1\" border=\"0\" itemprop=\"url\"> <meta itemprop=\"width\" content=\"321\"> <meta itemprop=\"height\" content=\"241\"> <img loading=\"lazy\" decoding=\"async\" data-attachment-id=\"342\" data-orig-file=\"https:\/\/agneausoleil.com\/agneausoleil\/wp-content\/uploads\/2016\/10\/magasin-sist-11.jpg\" data-orig-size=\"691,518\" data-comments-opened=\"\" data-image-meta=\"{&quot;aperture&quot;:&quot;0&quot;,&quot;credit&quot;:&quot;&quot;,&quot;camera&quot;:&quot;&quot;,&quot;caption&quot;:&quot;&quot;,&quot;created_timestamp&quot;:&quot;0&quot;,&quot;copyright&quot;:&quot;&quot;,&quot;focal_length&quot;:&quot;0&quot;,&quot;iso&quot;:&quot;0&quot;,&quot;shutter_speed&quot;:&quot;0&quot;,&quot;title&quot;:&quot;&quot;,&quot;orientation&quot;:&quot;0&quot;}\" data-image-title=\"magasin-sist-11\" data-image-description=\"\" data-medium-file=\"https:\/\/agneausoleil.com\/agneausoleil\/wp-content\/uploads\/2016\/10\/magasin-sist-11-300x225.jpg\" data-large-file=\"https:\/\/agneausoleil.com\/agneausoleil\/wp-content\/uploads\/2016\/10\/magasin-sist-11.jpg\" src=\"https:\/\/i0.wp.com\/agneausoleil.com\/agneausoleil\/wp-content\/uploads\/2016\/10\/magasin-sist-11.jpg?w=321&#038;h=241&#038;ssl=1\" width=\"321\" height=\"241\" data-original-width=\"321\" data-original-height=\"241\" itemprop=\"http:\/\/schema.org\/image\" title=\"magasin-sist-11\" alt=\"Mat\u00e9riel d&#039;\u00e9levage \u00e0 Sisteron\" style=\"width: 321px; height: 241px;\" \/> <\/a> <div class=\"tiled-gallery-caption\" itemprop=\"caption description\"> Magasin de Sisteron <\/div> <\/div> <\/div> <!-- close group --> <div class=\"gallery-group images-1\" style=\"width: 325px; height: 245px;\" data-original-width=\"325\" data-original-height=\"245\" > <div class=\"tiled-gallery-item tiled-gallery-item-large\" itemprop=\"associatedMedia\" itemscope itemtype=\"http:\/\/schema.org\/ImageObject\"> <a href=\"https:\/\/i0.wp.com\/agneausoleil.com\/agneausoleil\/wp-content\/uploads\/2016\/10\/magasin-gap-11.jpg?ssl=1\" border=\"0\" itemprop=\"url\"> <meta itemprop=\"width\" content=\"321\"> <meta itemprop=\"height\" content=\"241\"> <img loading=\"lazy\" decoding=\"async\" data-attachment-id=\"341\" data-orig-file=\"https:\/\/agneausoleil.com\/agneausoleil\/wp-content\/uploads\/2016\/10\/magasin-gap-11.jpg\" data-orig-size=\"691,518\" data-comments-opened=\"\" data-image-meta=\"{&quot;aperture&quot;:&quot;0&quot;,&quot;credit&quot;:&quot;&quot;,&quot;camera&quot;:&quot;&quot;,&quot;caption&quot;:&quot;&quot;,&quot;created_timestamp&quot;:&quot;0&quot;,&quot;copyright&quot;:&quot;&quot;,&quot;focal_length&quot;:&quot;0&quot;,&quot;iso&quot;:&quot;0&quot;,&quot;shutter_speed&quot;:&quot;0&quot;,&quot;title&quot;:&quot;&quot;,&quot;orientation&quot;:&quot;0&quot;}\" data-image-title=\"magasin-gap-11\" data-image-description=\"\" data-medium-file=\"https:\/\/agneausoleil.com\/agneausoleil\/wp-content\/uploads\/2016\/10\/magasin-gap-11-300x225.jpg\" data-large-file=\"https:\/\/agneausoleil.com\/agneausoleil\/wp-content\/uploads\/2016\/10\/magasin-gap-11.jpg\" src=\"https:\/\/i0.wp.com\/agneausoleil.com\/agneausoleil\/wp-content\/uploads\/2016\/10\/magasin-gap-11.jpg?w=321&#038;h=241&#038;ssl=1\" width=\"321\" height=\"241\" data-original-width=\"321\" data-original-height=\"241\" itemprop=\"http:\/\/schema.org\/image\" title=\"magasin-gap-11\" alt=\"Mat\u00e9riel d&#039;\u00e9levage \u00e0 Gap\" style=\"width: 321px; height: 241px;\" \/> <\/a> <div class=\"tiled-gallery-caption\" itemprop=\"caption description\"> Livraison en ferme <\/div> <\/div> <\/div> <!-- close group --> <div class=\"gallery-group images-1\" style=\"width: 325px; height: 245px;\" data-original-width=\"325\" data-original-height=\"245\" > <div class=\"tiled-gallery-item tiled-gallery-item-large\" itemprop=\"associatedMedia\" itemscope itemtype=\"http:\/\/schema.org\/ImageObject\"> <a href=\"https:\/\/i0.wp.com\/agneausoleil.com\/agneausoleil\/wp-content\/uploads\/2016\/10\/magasin-scm-10.jpg?ssl=1\" border=\"0\" itemprop=\"url\"> <meta itemprop=\"width\" content=\"321\"> <meta itemprop=\"height\" content=\"241\"> <img loading=\"lazy\" decoding=\"async\" data-attachment-id=\"344\" data-orig-file=\"https:\/\/agneausoleil.com\/agneausoleil\/wp-content\/uploads\/2016\/10\/magasin-scm-10.jpg\" data-orig-size=\"691,518\" data-comments-opened=\"\" data-image-meta=\"{&quot;aperture&quot;:&quot;0&quot;,&quot;credit&quot;:&quot;&quot;,&quot;camera&quot;:&quot;&quot;,&quot;caption&quot;:&quot;&quot;,&quot;created_timestamp&quot;:&quot;0&quot;,&quot;copyright&quot;:&quot;&quot;,&quot;focal_length&quot;:&quot;0&quot;,&quot;iso&quot;:&quot;0&quot;,&quot;shutter_speed&quot;:&quot;0&quot;,&quot;title&quot;:&quot;&quot;,&quot;orientation&quot;:&quot;0&quot;}\" data-image-title=\"magasin-scm-10\" data-image-description=\"\" data-medium-file=\"https:\/\/agneausoleil.com\/agneausoleil\/wp-content\/uploads\/2016\/10\/magasin-scm-10-300x225.jpg\" data-large-file=\"https:\/\/agneausoleil.com\/agneausoleil\/wp-content\/uploads\/2016\/10\/magasin-scm-10.jpg\" src=\"https:\/\/i0.wp.com\/agneausoleil.com\/agneausoleil\/wp-content\/uploads\/2016\/10\/magasin-scm-10.jpg?w=321&#038;h=241&#038;ssl=1\" width=\"321\" height=\"241\" data-original-width=\"321\" data-original-height=\"241\" itemprop=\"http:\/\/schema.org\/image\" title=\"magasin-scm-10\" alt=\"Mat\u00e9riel d&#039;\u00e9levage \u00e0 Saint Martin de Crau\" style=\"width: 321px; height: 241px;\" \/> <\/a> <div class=\"tiled-gallery-caption\" itemprop=\"caption description\"> Magasin de Saint Martin de Crau <\/div> <\/div> <\/div> <!-- close group --> <div class=\"gallery-group images-1\" style=\"width: 325px; height: 245px;\" data-original-width=\"325\" data-original-height=\"245\" > <div class=\"tiled-gallery-item tiled-gallery-item-large\" itemprop=\"associatedMedia\" itemscope itemtype=\"http:\/\/schema.org\/ImageObject\"> <a href=\"https:\/\/i0.wp.com\/agneausoleil.com\/agneausoleil\/wp-content\/uploads\/2016\/09\/magasin-smc-4.jpg?ssl=1\" border=\"0\" itemprop=\"url\"> <meta itemprop=\"width\" content=\"321\"> <meta itemprop=\"height\" content=\"241\"> <img loading=\"lazy\" decoding=\"async\" data-attachment-id=\"168\" data-orig-file=\"https:\/\/agneausoleil.com\/agneausoleil\/wp-content\/uploads\/2016\/09\/magasin-smc-4.jpg\" data-orig-size=\"614,461\" data-comments-opened=\"\" data-image-meta=\"{&quot;aperture&quot;:&quot;0&quot;,&quot;credit&quot;:&quot;&quot;,&quot;camera&quot;:&quot;&quot;,&quot;caption&quot;:&quot;&quot;,&quot;created_timestamp&quot;:&quot;0&quot;,&quot;copyright&quot;:&quot;&quot;,&quot;focal_length&quot;:&quot;0&quot;,&quot;iso&quot;:&quot;0&quot;,&quot;shutter_speed&quot;:&quot;0&quot;,&quot;title&quot;:&quot;&quot;,&quot;orientation&quot;:&quot;0&quot;}\" data-image-title=\"magasin-smc-4\" data-image-description=\"\" data-medium-file=\"https:\/\/agneausoleil.com\/agneausoleil\/wp-content\/uploads\/2016\/09\/magasin-smc-4-300x225.jpg\" data-large-file=\"https:\/\/agneausoleil.com\/agneausoleil\/wp-content\/uploads\/2016\/09\/magasin-smc-4.jpg\" src=\"https:\/\/i0.wp.com\/agneausoleil.com\/agneausoleil\/wp-content\/uploads\/2016\/09\/magasin-smc-4.jpg?w=321&#038;h=241&#038;ssl=1\" width=\"321\" height=\"241\" data-original-width=\"321\" data-original-height=\"241\" itemprop=\"http:\/\/schema.org\/image\" title=\"magasin-smc-4\" alt=\"Magasin de Saint Martin de Crau\" style=\"width: 321px; height: 241px;\" \/> <\/a> <div class=\"tiled-gallery-caption\" itemprop=\"caption description\"> Magasin de Saint Martin de Crau <\/div> <\/div> <\/div> <!-- close group --> <\/div> <!-- close row --> <\/div>\n<p>[\/vc_column_text][\/vc_column][\/vc_row]<\/p>\n","protected":false},"excerpt":{"rendered":"<p>[vc_row][vc_column][vc_column_text] Les sp\u00e9cialistes du mat\u00e9riel d&rsquo;\u00e9levage au service de tous ! La coop\u00e9rative l&rsquo;Agneau Soleil est maintenant compos\u00e9e de 5 magasins sp\u00e9cialis\u00e9s dans le mat\u00e9riel d&rsquo;\u00e9levage r\u00e9partis sur les r\u00e9gions PACA et Rh\u00f4ne-Alpes. Issus de la fusion de 2 coop\u00e9ratives (Bergers du Soleil et Provalp l&rsquo;Agneau du Sud), ils offrent \u00e0 nos clients de nouveaux [&hellip;]<\/p>\n","protected":false},"author":1,"featured_media":0,"parent":0,"menu_order":0,"comment_status":"closed","ping_status":"closed","template":"","meta":{"spay_email":"","footnotes":""},"class_list":["post-339","page","type-page","status-publish","hentry"],"_links":{"self":[{"href":"https:\/\/agneausoleil.com\/agneausoleil\/wp-json\/wp\/v2\/pages\/339","targetHints":{"allow":["GET"]}}],"collection":[{"href":"https:\/\/agneausoleil.com\/agneausoleil\/wp-json\/wp\/v2\/pages"}],"about":[{"href":"https:\/\/agneausoleil.com\/agneausoleil\/wp-json\/wp\/v2\/types\/page"}],"author":[{"embeddable":true,"href":"https:\/\/agneausoleil.com\/agneausoleil\/wp-json\/wp\/v2\/users\/1"}],"replies":[{"embeddable":true,"href":"https:\/\/agneausoleil.com\/agneausoleil\/wp-json\/wp\/v2\/comments?post=339"}],"version-history":[{"count":26,"href":"https:\/\/agneausoleil.com\/agneausoleil\/wp-json\/wp\/v2\/pages\/339\/revisions"}],"predecessor-version":[{"id":2365,"href":"https:\/\/agneausoleil.com\/agneausoleil\/wp-json\/wp\/v2\/pages\/339\/revisions\/2365"}],"wp:attachment":[{"href":"https:\/\/agneausoleil.com\/agneausoleil\/wp-json\/wp\/v2\/media?parent=339"}],"curies":[{"name":"wp","href":"https:\/\/api.w.org\/{rel}","templated":true}]}}