{"id":311,"date":"2016-10-05T12:08:58","date_gmt":"2016-10-05T10:08:58","guid":{"rendered":"http:\/\/agneausoleil.com\/agneausoleil\/?page_id=311"},"modified":"2025-09-16T16:29:05","modified_gmt":"2025-09-16T14:29:05","slug":"mise-marche-produits","status":"publish","type":"page","link":"https:\/\/agneausoleil.com\/agneausoleil\/mise-marche-produits\/","title":{"rendered":"Mise en march\u00e9 des produits"},"content":{"rendered":"<p>[vc_row][vc_column][vc_column_text]<\/p>\n<h1>Commercialiser la production des \u00e9leveurs adh\u00e9rents est la mission premi\u00e8re de notre coop\u00e9rative.<\/h1>\n<p>[\/vc_column_text][\/vc_column][\/vc_row][vc_row][vc_column width=\u00a0\u00bb2\/3&Prime;][vc_column_text]Cette commercialisation concerne majoritairement les agneaux destin\u00e9s \u00e0 la boucherie.<\/p>\n<p>Cette action consiste donc \u00e0 :<\/p>\n<p style=\"text-align: justify; padding-left: 30px;\">\u2022 Collecter les agneaux dans les fermes gr\u00e2ce aux trois chauffeurs et au parc de v\u00e9hicules poids lourds b\u00e9taill\u00e8res,<br \/>\n\u2022 Les d\u00e9poser aux abattoirs concern\u00e9s avec toute la tra\u00e7abilit\u00e9 indispensable: Abattoir d\u2019Aubenas pour les agneaux de l\u2019Ard\u00e8che et abattoir de Sisteron pour tous les autres agneaux.<br \/>\n\u2022 Proc\u00e9der aux d\u00e9marches commerciales : retour des informations de qualit\u00e9 (poids , classements , consignes\u2026) aux \u00e9leveurs, retour des informations commerciales (prix , plus values\u2026) et mise en \u0153uvre de la facturation et du paiement.<\/p>\n<p style=\"text-align: justify;\">Afin de proposer une commercialisation qui apporte de la plus value aux \u00e9leveurs, une strat\u00e9gie de segmentation du march\u00e9 \u00e0 \u00e9t\u00e9 mise en place en partenariat avec les soci\u00e9t\u00e9s d\u2019aval et particuli\u00e8rement\u00a0 avec les soci\u00e9t\u00e9s DUFOUR Sisteron, Ovimpex et Ovimpex distribution aupr\u00e8s desquelles notre coop\u00e9rative d\u00e9tient une partie du capital. Ceci place donc la coop\u00e9rative l&rsquo;Agneau Soleil et S.A. Dufour Sisteron comme les partenaires les plus importants dans l\u2019organisation et la mise en march\u00e9 des agneaux de la r\u00e9gion PACA.<\/p>\n<p>[\/vc_column_text][\/vc_column][vc_column width=\u00a0\u00bb1\/3&Prime;][vc_single_image image=\u00a0\u00bb2350&Prime; img_size=\u00a0\u00bbfull\u00a0\u00bb alignment=\u00a0\u00bbcenter\u00a0\u00bb style=\u00a0\u00bbvc_box_shadow_border\u00a0\u00bb][\/vc_column][\/vc_row][vc_row][vc_column width=\u00a0\u00bb1\/4&Prime;][\/vc_column][vc_column width=\u00a0\u00bb1\/2&Prime;][vc_row_inner][vc_column_inner width=\u00a0\u00bb1\/3&Prime;][vc_single_image image=\u00a0\u00bb312&Prime; img_size=\u00a0\u00bbfull\u00a0\u00bb alignment=\u00a0\u00bbcenter\u00a0\u00bb style=\u00a0\u00bbvc_box_shadow_border\u00a0\u00bb][\/vc_column_inner][vc_column_inner width=\u00a0\u00bb1\/3&Prime;][vc_single_image image=\u00a0\u00bb180&Prime; img_size=\u00a0\u00bbfull\u00a0\u00bb alignment=\u00a0\u00bbcenter\u00a0\u00bb style=\u00a0\u00bbvc_box_shadow_border\u00a0\u00bb][\/vc_column_inner][vc_column_inner width=\u00a0\u00bb1\/3&Prime;][vc_single_image image=\u00a0\u00bb236&Prime; img_size=\u00a0\u00bbfull\u00a0\u00bb alignment=\u00a0\u00bbcenter\u00a0\u00bb style=\u00a0\u00bbvc_box_shadow_border\u00a0\u00bb][\/vc_column_inner][\/vc_row_inner][\/vc_column][vc_column width=\u00a0\u00bb1\/4&Prime;][\/vc_column][\/vc_row][vc_row][vc_column width=\u00a0\u00bb2\/3&Prime;][vc_column_text]<\/p>\n<p style=\"text-align: justify;\">Les agneaux commercialis\u00e9s sont, pour moiti\u00e9 des agneaux vendus sous les signes officiels de qualit\u00e9 Label Rouge Agneau de Sisteron, Label Rouge Agneau de l\u2019ADRET, Agneau Bio et pour l\u2019autre moiti\u00e9 des agneaux standards vendus\u00a0 sous la marque \u00ab Agneau Soleil \u00bb qui est la marque commerciale d\u00e9tenue par notre coop\u00e9rative.<\/p>\n<p style=\"text-align: justify;\">Mais, outre les agneaux de boucherie engraiss\u00e9s et finis par nos \u00e9leveurs, notre coop\u00e9rative commercialise \u00e9galement des agneaux dits \u00ab maigres \u00bb, \u00ab tardons \u00bb ou \u00ab broutards \u00bb qui n\u00e9cessitent une finition en bergerie. Conjoncturellement la coop\u00e9rative commercialise \u00e9galement des agneaux de lait sur le march\u00e9 fran\u00e7ais ou \u00e0 l\u2019export vers l\u2019Espagne ou l\u2019Italie.<\/p>\n<p style=\"text-align: justify;\">Enfin , nos partenaires d\u2019aval nous permettent \u00e9galement d\u2019\u00e9couler les brebis de r\u00e9formes sur ces march\u00e9s et d\u00e9bouch\u00e9s tr\u00e8s sp\u00e9cifiques.<\/p>\n<p>[\/vc_column_text][vc_column_text]<\/p>\n<p style=\"text-align: justify;\">Par ailleurs , la position et la relation privil\u00e9gi\u00e9e de notre coop\u00e9rative vis-\u00e0-vis des \u00e9leveurs nous permet de proposer la collecte le stockage et la mise en march\u00e9 des laines des troupeaux de notre r\u00e9gion. Que ce soit les laines fines de type M\u00e9rinos d\u2019Arles ou les laines plus grossi\u00e8res dites \u00ab crois\u00e9es \u00bb, l&rsquo;Agneau Soleil est \u00e0\u00a0 m\u00eame de commercialiser ces \u00ab co-produits \u00bb de l\u2019\u00e9levage ovin.<\/p>\n<p style=\"text-align: justify;\">Ainsi notre coop\u00e9rative, ses comp\u00e9tences, ses infrastructures, son personnel et ses liens privil\u00e9gi\u00e9s avec les principaux acteurs de la fili\u00e8re ovine sud-est (<a href=\"http:\/\/www.ovimpex.fr\" target=\"_blank\" rel=\"noopener\">http:\/\/www.ovimpex.fr<\/a> ,\u00a0 <a href=\"http:\/\/www.groupedufour.fr\" target=\"_blank\" rel=\"noopener\">http:\/\/www.groupedufour.fr<\/a> ) propose \u00e0 ses \u00e9leveurs adh\u00e9rents un service commercial complet et efficient. Elle approvisionne ainsi une fili\u00e8re viande moderne avec des produits de qualit\u00e9 issus de syst\u00e8mes d\u2019\u00e9levage traditionnels.<\/p>\n<p>[\/vc_column_text][\/vc_column][vc_column width=\u00a0\u00bb1\/3&Prime;][vc_single_image image=\u00a0\u00bb2348&Prime; img_size=\u00a0\u00bbfull\u00a0\u00bb alignment=\u00a0\u00bbcenter\u00a0\u00bb style=\u00a0\u00bbvc_box_shadow_border\u00a0\u00bb][\/vc_column][\/vc_row]<\/p>\n","protected":false},"excerpt":{"rendered":"<p>[vc_row][vc_column][vc_column_text] Commercialiser la production des \u00e9leveurs adh\u00e9rents est la mission premi\u00e8re de notre coop\u00e9rative. [\/vc_column_text][\/vc_column][\/vc_row][vc_row][vc_column width=\u00a0\u00bb2\/3&Prime;][vc_column_text]Cette commercialisation concerne majoritairement les agneaux destin\u00e9s \u00e0 la boucherie. Cette action consiste donc \u00e0 : \u2022 Collecter les agneaux dans les fermes gr\u00e2ce aux trois chauffeurs et au parc de v\u00e9hicules poids lourds b\u00e9taill\u00e8res, \u2022 Les d\u00e9poser aux abattoirs [&hellip;]<\/p>\n","protected":false},"author":1,"featured_media":0,"parent":0,"menu_order":0,"comment_status":"closed","ping_status":"closed","template":"","meta":{"spay_email":"","footnotes":""},"class_list":["post-311","page","type-page","status-publish","hentry"],"_links":{"self":[{"href":"https:\/\/agneausoleil.com\/agneausoleil\/wp-json\/wp\/v2\/pages\/311","targetHints":{"allow":["GET"]}}],"collection":[{"href":"https:\/\/agneausoleil.com\/agneausoleil\/wp-json\/wp\/v2\/pages"}],"about":[{"href":"https:\/\/agneausoleil.com\/agneausoleil\/wp-json\/wp\/v2\/types\/page"}],"author":[{"embeddable":true,"href":"https:\/\/agneausoleil.com\/agneausoleil\/wp-json\/wp\/v2\/users\/1"}],"replies":[{"embeddable":true,"href":"https:\/\/agneausoleil.com\/agneausoleil\/wp-json\/wp\/v2\/comments?post=311"}],"version-history":[{"count":21,"href":"https:\/\/agneausoleil.com\/agneausoleil\/wp-json\/wp\/v2\/pages\/311\/revisions"}],"predecessor-version":[{"id":2351,"href":"https:\/\/agneausoleil.com\/agneausoleil\/wp-json\/wp\/v2\/pages\/311\/revisions\/2351"}],"wp:attachment":[{"href":"https:\/\/agneausoleil.com\/agneausoleil\/wp-json\/wp\/v2\/media?parent=311"}],"curies":[{"name":"wp","href":"https:\/\/api.w.org\/{rel}","templated":true}]}}