{"id":2289,"date":"2025-05-26T17:11:03","date_gmt":"2025-05-26T15:11:03","guid":{"rendered":"https:\/\/agneausoleil.com\/agneausoleil\/?page_id=2289"},"modified":"2025-05-26T17:11:03","modified_gmt":"2025-05-26T15:11:03","slug":"politique-de-confidentialite","status":"publish","type":"page","link":"https:\/\/agneausoleil.com\/agneausoleil\/politique-de-confidentialite\/","title":{"rendered":"Politique de confidentialit\u00e9"},"content":{"rendered":"<h1 data-start=\"143\" data-end=\"173\">Politique de confidentialit\u00e9<\/h1>\n<h2 data-start=\"175\" data-end=\"218\">1. Identit\u00e9 du responsable du traitement<\/h2>\n<p data-start=\"220\" data-end=\"261\">Le site <strong data-start=\"228\" data-end=\"245\">Agneau Soleil<\/strong> est \u00e9dit\u00e9 par :<\/p>\n<p data-start=\"263\" data-end=\"355\"><strong data-start=\"263\" data-end=\"285\">Ambre Shun-man-yin<\/strong><br data-start=\"285\" data-end=\"288\" \/>Email : <a class=\"cursor-pointer\" rel=\"noopener\" data-start=\"296\" data-end=\"355\">contact@agneausoleil.com<\/a><\/p>\n<p data-start=\"357\" data-end=\"570\">En tant que responsable du traitement, je m\u2019engage \u00e0 respecter la confidentialit\u00e9 des donn\u00e9es personnelles collect\u00e9es et \u00e0 les traiter dans le respect du <strong data-start=\"511\" data-end=\"569\">R\u00e8glement G\u00e9n\u00e9ral sur la Protection des Donn\u00e9es (RGPD)<\/strong>.<\/p>\n<hr data-start=\"572\" data-end=\"575\" \/>\n<h2 data-start=\"577\" data-end=\"614\">2. Donn\u00e9es personnelles collect\u00e9es<\/h2>\n<h3 data-start=\"616\" data-end=\"650\">Via le formulaire de contact :<\/h3>\n<ul data-start=\"652\" data-end=\"695\">\n<li data-start=\"652\" data-end=\"657\">\n<p data-start=\"654\" data-end=\"657\">Nom<\/p>\n<\/li>\n<li data-start=\"658\" data-end=\"666\">\n<p data-start=\"660\" data-end=\"666\">Pr\u00e9nom<\/p>\n<\/li>\n<li data-start=\"667\" data-end=\"678\">\n<p data-start=\"669\" data-end=\"678\">T\u00e9l\u00e9phone<\/p>\n<\/li>\n<li data-start=\"679\" data-end=\"695\">\n<p data-start=\"681\" data-end=\"695\">Adresse e-mail<\/p>\n<\/li>\n<\/ul>\n<p data-start=\"697\" data-end=\"849\"><strong data-start=\"697\" data-end=\"711\">Finalit\u00e9 :<\/strong> Ces donn\u00e9es sont utilis\u00e9es uniquement pour le traitement et le suivi de votre demande.<br data-start=\"798\" data-end=\"801\" \/><strong data-start=\"801\" data-end=\"818\">Base l\u00e9gale :<\/strong> Consentement de l\u2019utilisateur.<\/p>\n<h3 data-start=\"851\" data-end=\"876\">Via l\u2019espace membre :<\/h3>\n<ul data-start=\"878\" data-end=\"958\">\n<li data-start=\"878\" data-end=\"883\">\n<p data-start=\"880\" data-end=\"883\">Nom<\/p>\n<\/li>\n<li data-start=\"884\" data-end=\"892\">\n<p data-start=\"886\" data-end=\"892\">Pr\u00e9nom<\/p>\n<\/li>\n<li data-start=\"893\" data-end=\"904\">\n<p data-start=\"895\" data-end=\"904\">T\u00e9l\u00e9phone<\/p>\n<\/li>\n<li data-start=\"905\" data-end=\"921\">\n<p data-start=\"907\" data-end=\"921\">Adresse e-mail<\/p>\n<\/li>\n<li data-start=\"922\" data-end=\"939\">\n<p data-start=\"924\" data-end=\"939\">Adresse postale<\/p>\n<\/li>\n<li data-start=\"940\" data-end=\"958\">\n<p data-start=\"942\" data-end=\"958\">Nombre de brebis<\/p>\n<\/li>\n<\/ul>\n<p data-start=\"960\" data-end=\"1139\"><strong data-start=\"960\" data-end=\"974\">Finalit\u00e9 :<\/strong> Gestion de votre compte membre et personnalisation du service.<br data-start=\"1037\" data-end=\"1040\" \/><strong data-start=\"1040\" data-end=\"1057\">Base l\u00e9gale :<\/strong> Ex\u00e9cution d\u2019un contrat (acc\u00e8s et gestion de l\u2019espace membre) et int\u00e9r\u00eat l\u00e9gitime.<\/p>\n<hr data-start=\"1141\" data-end=\"1144\" \/>\n<h2 data-start=\"1146\" data-end=\"1177\">3. Destinataires des donn\u00e9es<\/h2>\n<p data-start=\"1179\" data-end=\"1272\">Les donn\u00e9es personnelles collect\u00e9es ne sont <strong data-start=\"1223\" data-end=\"1271\">ni c\u00e9d\u00e9es, ni lou\u00e9es, ni vendues \u00e0 des tiers<\/strong>.<\/p>\n<p data-start=\"1274\" data-end=\"1405\">Elles sont uniquement accessibles par le responsable du traitement ou les personnes autoris\u00e9es dans le cadre de la gestion du site.<\/p>\n<hr data-start=\"1407\" data-end=\"1410\" \/>\n<h2 data-start=\"1412\" data-end=\"1439\">4. Dur\u00e9e de conservation<\/h2>\n<p data-start=\"1441\" data-end=\"1470\">Vos donn\u00e9es sont conserv\u00e9es :<\/p>\n<ul data-start=\"1472\" data-end=\"1671\">\n<li data-start=\"1472\" data-end=\"1555\">\n<p data-start=\"1474\" data-end=\"1555\"><strong data-start=\"1474\" data-end=\"1499\">Formulaire de contact<\/strong> : pendant 12 mois \u00e0 compter de la derni\u00e8re interaction.<\/p>\n<\/li>\n<li data-start=\"1556\" data-end=\"1671\">\n<p data-start=\"1558\" data-end=\"1671\"><strong data-start=\"1558\" data-end=\"1575\">Espace membre<\/strong> : tant que le compte est actif. En cas de suppression, les donn\u00e9es sont effac\u00e9es sous 30 jours.<\/p>\n<\/li>\n<\/ul>\n<hr data-start=\"1673\" data-end=\"1676\" \/>\n<h2 data-start=\"1678\" data-end=\"1694\">5. Vos droits<\/h2>\n<p data-start=\"1696\" data-end=\"1776\">Conform\u00e9ment \u00e0 la r\u00e9glementation en vigueur, vous disposez des droits suivants :<\/p>\n<ul data-start=\"1778\" data-end=\"1943\">\n<li data-start=\"1778\" data-end=\"1793\">\n<p data-start=\"1780\" data-end=\"1793\">Droit d\u2019acc\u00e8s<\/p>\n<\/li>\n<li data-start=\"1794\" data-end=\"1818\">\n<p data-start=\"1796\" data-end=\"1818\">Droit de rectification<\/p>\n<\/li>\n<li data-start=\"1819\" data-end=\"1859\">\n<p data-start=\"1821\" data-end=\"1859\">Droit \u00e0 l\u2019effacement (droit \u00e0 l\u2019oubli)<\/p>\n<\/li>\n<li data-start=\"1860\" data-end=\"1897\">\n<p data-start=\"1862\" data-end=\"1897\">Droit \u00e0 la limitation du traitement<\/p>\n<\/li>\n<li data-start=\"1898\" data-end=\"1918\">\n<p data-start=\"1900\" data-end=\"1918\">Droit d\u2019opposition<\/p>\n<\/li>\n<li data-start=\"1919\" data-end=\"1943\">\n<p data-start=\"1921\" data-end=\"1943\">Droit \u00e0 la portabilit\u00e9<\/p>\n<\/li>\n<\/ul>\n<p data-start=\"1945\" data-end=\"1993\">Pour exercer ces droits, vous pouvez contacter :<\/p>\n<p data-start=\"1995\" data-end=\"2087\"><strong data-start=\"1995\" data-end=\"2017\">Ambre Shun-man-yin<\/strong><br data-start=\"2017\" data-end=\"2020\" \/>Email : <a class=\"cursor-pointer\" rel=\"noopener\" data-start=\"2028\" data-end=\"2087\">contact@agneausoleil.com<\/a><\/p>\n<p data-start=\"2089\" data-end=\"2227\">Vous pouvez \u00e9galement introduire une r\u00e9clamation aupr\u00e8s de la <strong data-start=\"2151\" data-end=\"2159\">CNIL<\/strong> (<a class=\"cursor-pointer\" target=\"_new\" rel=\"noopener\" data-start=\"2161\" data-end=\"2172\">www.cnil.fr<\/a>) si vous estimez que vos droits ne sont pas respect\u00e9s.<\/p>\n<hr data-start=\"2229\" data-end=\"2232\" \/>\n<h2 data-start=\"2234\" data-end=\"2260\">6. S\u00e9curit\u00e9 des donn\u00e9es<\/h2>\n<p data-start=\"2262\" data-end=\"2423\">Nous mettons en \u0153uvre toutes les mesures techniques et organisationnelles n\u00e9cessaires pour assurer la s\u00e9curit\u00e9 et la confidentialit\u00e9 de vos donn\u00e9es personnelles.<\/p>\n<hr data-start=\"2425\" data-end=\"2428\" \/>\n<h2 data-start=\"2430\" data-end=\"2443\">7. Cookies<\/h2>\n<p data-start=\"2445\" data-end=\"2631\">Le site peut utiliser des cookies pour am\u00e9liorer votre navigation. Vous pouvez les accepter, les refuser ou les param\u00e9trer via le bandeau pr\u00e9vu \u00e0 cet effet lors de votre premi\u00e8re visite.<\/p>\n<hr data-start=\"2633\" data-end=\"2636\" \/>\n<h2 data-start=\"2638\" data-end=\"2672\">8. Modification de la politique<\/h2>\n<p data-start=\"2674\" data-end=\"2874\">Cette politique peut \u00eatre mise \u00e0 jour \u00e0 tout moment pour refl\u00e9ter l\u2019\u00e9volution des obligations l\u00e9gales ou des fonctionnalit\u00e9s du site. La date de la derni\u00e8re mise \u00e0 jour figurera en haut de cette page.<\/p>\n","protected":false},"excerpt":{"rendered":"<p>Politique de confidentialit\u00e9 1. Identit\u00e9 du responsable du traitement Le site Agneau Soleil est \u00e9dit\u00e9 par : Ambre Shun-man-yinEmail : contact@agneausoleil.com En tant que responsable du traitement, je m\u2019engage \u00e0 respecter la confidentialit\u00e9 des donn\u00e9es personnelles collect\u00e9es et \u00e0 les traiter dans le respect du R\u00e8glement G\u00e9n\u00e9ral sur la Protection des Donn\u00e9es (RGPD). 2. Donn\u00e9es [&hellip;]<\/p>\n","protected":false},"author":1,"featured_media":0,"parent":0,"menu_order":0,"comment_status":"closed","ping_status":"closed","template":"","meta":{"spay_email":"","footnotes":""},"class_list":["post-2289","page","type-page","status-publish","hentry"],"_links":{"self":[{"href":"https:\/\/agneausoleil.com\/agneausoleil\/wp-json\/wp\/v2\/pages\/2289","targetHints":{"allow":["GET"]}}],"collection":[{"href":"https:\/\/agneausoleil.com\/agneausoleil\/wp-json\/wp\/v2\/pages"}],"about":[{"href":"https:\/\/agneausoleil.com\/agneausoleil\/wp-json\/wp\/v2\/types\/page"}],"author":[{"embeddable":true,"href":"https:\/\/agneausoleil.com\/agneausoleil\/wp-json\/wp\/v2\/users\/1"}],"replies":[{"embeddable":true,"href":"https:\/\/agneausoleil.com\/agneausoleil\/wp-json\/wp\/v2\/comments?post=2289"}],"version-history":[{"count":1,"href":"https:\/\/agneausoleil.com\/agneausoleil\/wp-json\/wp\/v2\/pages\/2289\/revisions"}],"predecessor-version":[{"id":2291,"href":"https:\/\/agneausoleil.com\/agneausoleil\/wp-json\/wp\/v2\/pages\/2289\/revisions\/2291"}],"wp:attachment":[{"href":"https:\/\/agneausoleil.com\/agneausoleil\/wp-json\/wp\/v2\/media?parent=2289"}],"curies":[{"name":"wp","href":"https:\/\/api.w.org\/{rel}","templated":true}]}}