{"id":157,"date":"2016-09-14T00:00:00","date_gmt":"2016-09-14T00:00:00","guid":{"rendered":"http:\/\/agneausoleil.com\/agneausoleil\/awpcp\/browse-ads\/"},"modified":"2016-10-19T09:55:44","modified_gmt":"2016-10-19T07:55:44","slug":"consulter-2","status":"publish","type":"page","link":"https:\/\/agneausoleil.com\/agneausoleil\/annonces\/consulter-2\/","title":{"rendered":"Consulter"},"content":{"rendered":"<div class=\"awpcp-browse-ads awpcp-page\" id=\"classiwrapper\">\n    \n        <div class=\"uiwelcome\">Parcourez \u00e0 pr\u00e9sent nos petites annonces.\r\nSi vous \u00eates adh\u00e9rents, n'h\u00e9sitez pas \u00e0 d\u00e9poser gratuitement une annonce sur notre site !<\/div>\n    \n        <div class=\"awpcp-classifieds-search-bar\" data-breakpoints='{\"tiny\": [0,450]}' data-breakpoints-class-prefix=\"awpcp-classifieds-search-bar\">\n    <form action=\"https:\/\/agneausoleil.com\/agneausoleil\/annonces\/rechercher\/\" method=\"get\">\n                <input type=\"hidden\" name=\"awpcp-step\" value=\"dosearch\" \/>\n        <div class=\"awpcp-classifieds-search-bar--query-field\">\n            <label class=\"screen-reader-text\" for=\"awpcp-search-query-field\">Rechercher:<\/label>\n            <input id=\"awpcp-search-query-field\" type=\"text\" name=\"keywordphrase\" \/>\n        <\/div>\n        <div class=\"awpcp-classifieds-search-bar--submit-button\">\n            <input class=\"button\" type=\"submit\" value=\"Recherche\" \/>\n        <\/div>\n        <div class=\"awpcp-classifieds-search-bar--advanced-search-link\"><a href=\"https:\/\/agneausoleil.com\/agneausoleil\/annonces\/rechercher\/\">Recherche avanc\u00e9e <\/a><\/div>\n    <\/form>\n<\/div>\n<ul class=\"awpcp-classifieds-menu awpcp-clearfix\" data-breakpoints='{\"tiny\": [0,400], \"small\": [400,500]}' data-breakpoints-class-prefix=\"awpcp-classifieds-menu\">\n    <li class=\"awpcp-classifieds-menu--menu-item awpcp-classifieds-menu--post-listing-menu-item\">\n        <a class=\"awpcp-classifieds-menu--menu-item-link button\" href=\"https:\/\/agneausoleil.com\/agneausoleil\/annonces\/ajouter\">Ajouter<\/a>\n    <\/li>\n    <li class=\"awpcp-classifieds-menu--menu-item awpcp-classifieds-menu--browse-listings-menu-item\">\n        <a class=\"awpcp-classifieds-menu--menu-item-link button\" href=\"https:\/\/agneausoleil.com\/agneausoleil\/annonces\/consulter-2\">Consulter<\/a>\n    <\/li>\n    <li class=\"awpcp-classifieds-menu--menu-item awpcp-classifieds-menu--search-listings-menu-item\">\n        <a class=\"awpcp-classifieds-menu--menu-item-link button\" href=\"https:\/\/agneausoleil.com\/agneausoleil\/annonces\/rechercher\">Rechercher<\/a>\n    <\/li>\n<\/ul>\n    \n    <form class=\"awpcp-category-switcher\" method=\"post\" action=\"https:\/\/agneausoleil.com\/agneausoleil\/annonces\/consulter-2\">\n        <input type=\"hidden\" name=\"offset\" value=\"0\" \/>\n    \n    <div class=\"awpcp-category-dropdown-container\">\n        <label class=\"awpcp-category-dropdown-label\" for=\"awpcp-category-dropdown-69e6c79a02624\">Cat\u00e9gorie\u00a0:<\/label>\n\n\n<select id=\"awpcp-category-dropdown-69e6c79a02624\" class=\"awpcp-category-dropdown awpcp-dropdown \" name=\"awpcp_category_id\" data-hash=\"69e6c79a02624\" placeholder=\"Toutes les rubriques\" data-auto=\"auto\" style=\"width: 100%\">\n        <option class=\"awpcp-dropdown-placeholder\">Toutes les rubriques<\/option>\n    <option class=\"dropdownparentcategory\" value=\"21\">Animaux reproducteurs<\/option><option class=\"dropdownparentcategory\" value=\"23\">Chiens de troupeaux<\/option><option class=\"dropdownparentcategory\" value=\"22\">Divers<\/option><option class=\"dropdownparentcategory\" value=\"20\">Emplois<\/option><option class=\"dropdownparentcategory\" value=\"24\">Surfaces pastorales<\/option><\/select>\n\n\n<script type=\"text\/javascript\">var categories_69e6c79a02624 = {\"mode\":\"basic\",\"select2\":{\"containerCssClass\":\"awpcp-category-dropdown-selection\",\"dropdownCssClass\":\"awpcp-category-dropdown-options\",\"allowClear\":true,\"placeholder\":\"Toutes les rubriques\",\"maximumSelectionLength\":100},\"selectedCategoriesIds\":[],\"categoriesHierarchy\":{\"root\":[{\"term_id\":21,\"name\":\"Animaux reproducteurs\",\"slug\":\"animaux-reproducteurs\",\"term_group\":0,\"term_taxonomy_id\":21,\"taxonomy\":\"awpcp_listing_category\",\"description\":\"\",\"parent\":0,\"count\":1,\"filter\":\"raw\"},{\"term_id\":23,\"name\":\"Chiens de troupeaux\",\"slug\":\"chiens-de-troupeaux\",\"term_group\":0,\"term_taxonomy_id\":23,\"taxonomy\":\"awpcp_listing_category\",\"description\":\"\",\"parent\":0,\"count\":0,\"filter\":\"raw\"},{\"term_id\":22,\"name\":\"Divers\",\"slug\":\"materiel-divers\",\"term_group\":0,\"term_taxonomy_id\":22,\"taxonomy\":\"awpcp_listing_category\",\"description\":\"\",\"parent\":0,\"count\":0,\"filter\":\"raw\"},{\"term_id\":20,\"name\":\"Emplois\",\"slug\":\"emplois\",\"term_group\":0,\"term_taxonomy_id\":20,\"taxonomy\":\"awpcp_listing_category\",\"description\":\"\",\"parent\":0,\"count\":0,\"filter\":\"raw\"},{\"term_id\":24,\"name\":\"Surfaces pastorales\",\"slug\":\"surfaces-pastorales\",\"term_group\":0,\"term_taxonomy_id\":24,\"taxonomy\":\"awpcp_listing_category\",\"description\":\"\",\"parent\":0,\"count\":0,\"filter\":\"raw\"}]},\"paymentTerms\":[],\"subcategoryLabel\":\"S\\u00e9lectionnez une sous-rubrique\"};<\/script>\n    <\/div>\n<\/form>\n<div class=\"awpcp-pagination pager\">\n    \n    <\/div>\n\n    <div class=\"awpcp-listings awpcp-clearboth\">\n        <div class=\"displayaditemseven $isfeaturedclass\">\r\n\t\t\t\t\t\t\t\t<div style=\"width:80px; padding:5px; float:left; margin-right:20px;\">\r\n\t\t\t\t\t\t\t\t\t<a class=\"awpcp-listing-primary-image-listing-link\" href=\"https:\/\/agneausoleil.com\/agneausoleil\/annonces\/annonce\/2432\/vente-brebis-prealpes\/animaux-reproducteurs\/\"><img loading=\"lazy\" decoding=\"async\" class=\"awpcp-listing-primary-image-thumbnail awpcp-noimage-placeholder\" alt=\"vente brebis prealpes\" src=\"https:\/\/agneausoleil.com\/agneausoleil\/wp-content\/plugins\/another-wordpress-classifieds-plugin\/resources\/images\/adhasnoimage.png\" width=\"80\" height=\"80\"\/><\/a>\r\n\t\t\t\t\t\t\t\t<\/div>\r\n\t\t\t\t\t\t\t\t<div style=\"width:50%; padding:5px; float:left;\">\r\n\t\t\t\t\t\t\t\t\t<h4><a href=\"https:\/\/agneausoleil.com\/agneausoleil\/annonces\/annonce\/2432\/vente-brebis-prealpes\/animaux-reproducteurs\/\">vente brebis prealpes<\/a><\/h4>\r\n\t\t\t\t\t\t\t\t\tCause retraite vends en septembre 150 brebis prealpes tous ages . Pas de petit lot\r\n\t\t\t\t\t\t\t\t<\/div>\r\n\t\t\t\t\t\t\t\t<div style=\"padding:5px; float:left;\">\r\n\t\t\t\t\t\t\t\t\t29\/01\/2026<br\/>\r\n\t\t\t\t\t\t\t\t\t\r\n\t\t\t\t\t\t\t\t\t\r\n\t\t\t\t\t\t\t\t\tTotal des vues: 34<br\/>\r\n\t\t\t\t\t\t\t\t\tPrix: 110,00 \u20ac\r\n\t\t\t\t\t\t\t\t\t\r\n\t\t\t\t\t\t\t\t<\/div>\r\n\t\t\t\t\t\t\t\t<span class=\"fixfloat\"><\/span>\r\n\t\t\t\t\t\t\t<\/div>\r\n\t\t\t\t\t\t\t<div class=\"fixfloat\"><\/div>    <\/div>\n\n    <div class=\"awpcp-pagination pager\">\n    \n        <form class=\"awpcp-pagination-form\" method=\"get\">\n        \n        \n        <label for=\"awpcp-pagination-results-0-01916100-1776732058\">Annonces par page:<\/label>\n\n        <select id=\"awpcp-pagination-results-0-01916100-1776732058\" name=\"results\">\n                                <option value=\"5\">5<\/option>\n                                            <option value=\"10\" selected=\"selected\">10<\/option>\n                                            <option value=\"20\">20<\/option>\n                                            <option value=\"30\">30<\/option>\n                                            <option value=\"40\">40<\/option>\n                                            <option value=\"50\">50<\/option>\n                                            <option value=\"60\">60<\/option>\n                                            <option value=\"70\">70<\/option>\n                                            <option value=\"80\">80<\/option>\n                                            <option value=\"90\">90<\/option>\n                                            <option value=\"100\">100<\/option>\n                                            <option value=\"500\">500<\/option>\n                            <\/select>\n\n            <\/form>\n    <\/div>\n<\/div>\n\n","protected":false},"excerpt":{"rendered":"Parcourez \u00e0 pr\u00e9sent nos petites annonces. Si vous \u00eates adh\u00e9rents, n'h\u00e9sitez pas \u00e0 d\u00e9poser gratuitement une annonce sur notre site ! Rechercher: Recherche avanc\u00e9e Ajouter Consulter Rechercher Cat\u00e9gorie\u00a0: Toutes les rubriques Animaux reproducteursChiens de troupeauxDiversEmploisSurfaces pastorales var categories_69e6c79a07503 = {\"mode\":\"basic\",\"select2\":{\"containerCssClass\":\"awpcp-category-dropdown-selection\",\"dropdownCssClass\":\"awpcp-category-dropdown-options\",\"allowClear\":true,\"placeholder\":\"Toutes les rubriques\",\"maximumSelectionLength\":100},\"selectedCategoriesIds\":[],\"categoriesHierarchy\":{\"root\":[{\"term_id\":21,\"name\":\"Animaux reproducteurs\",\"slug\":\"animaux-reproducteurs\",\"term_group\":0,\"term_taxonomy_id\":21,\"taxonomy\":\"awpcp_listing_category\",\"description\":\"\",\"parent\":0,\"count\":1,\"filter\":\"raw\"},{\"term_id\":23,\"name\":\"Chiens de troupeaux\",\"slug\":\"chiens-de-troupeaux\",\"term_group\":0,\"term_taxonomy_id\":23,\"taxonomy\":\"awpcp_listing_category\",\"description\":\"\",\"parent\":0,\"count\":0,\"filter\":\"raw\"},{\"term_id\":22,\"name\":\"Divers\",\"slug\":\"materiel-divers\",\"term_group\":0,\"term_taxonomy_id\":22,\"taxonomy\":\"awpcp_listing_category\",\"description\":\"\",\"parent\":0,\"count\":0,\"filter\":\"raw\"},{\"term_id\":20,\"name\":\"Emplois\",\"slug\":\"emplois\",\"term_group\":0,\"term_taxonomy_id\":20,\"taxonomy\":\"awpcp_listing_category\",\"description\":\"\",\"parent\":0,\"count\":0,\"filter\":\"raw\"},{\"term_id\":24,\"name\":\"Surfaces pastorales\",\"slug\":\"surfaces-pastorales\",\"term_group\":0,\"term_taxonomy_id\":24,\"taxonomy\":\"awpcp_listing_category\",\"description\":\"\",\"parent\":0,\"count\":0,\"filter\":\"raw\"}]},\"paymentTerms\":[],\"subcategoryLabel\":\"S\\u00e9lectionnez une sous-rubrique\"}; vente brebis prealpes Cause retraite vends en [...]","protected":false},"author":0,"featured_media":0,"parent":150,"menu_order":0,"comment_status":"closed","ping_status":"closed","template":"","meta":{"spay_email":"","footnotes":""},"class_list":["post-157","page","type-page","status-publish","hentry"],"_links":{"self":[{"href":"https:\/\/agneausoleil.com\/agneausoleil\/wp-json\/wp\/v2\/pages\/157","targetHints":{"allow":["GET"]}}],"collection":[{"href":"https:\/\/agneausoleil.com\/agneausoleil\/wp-json\/wp\/v2\/pages"}],"about":[{"href":"https:\/\/agneausoleil.com\/agneausoleil\/wp-json\/wp\/v2\/types\/page"}],"replies":[{"embeddable":true,"href":"https:\/\/agneausoleil.com\/agneausoleil\/wp-json\/wp\/v2\/comments?post=157"}],"version-history":[{"count":2,"href":"https:\/\/agneausoleil.com\/agneausoleil\/wp-json\/wp\/v2\/pages\/157\/revisions"}],"predecessor-version":[{"id":684,"href":"https:\/\/agneausoleil.com\/agneausoleil\/wp-json\/wp\/v2\/pages\/157\/revisions\/684"}],"up":[{"embeddable":true,"href":"https:\/\/agneausoleil.com\/agneausoleil\/wp-json\/wp\/v2\/pages\/150"}],"wp:attachment":[{"href":"https:\/\/agneausoleil.com\/agneausoleil\/wp-json\/wp\/v2\/media?parent=157"}],"curies":[{"name":"wp","href":"https:\/\/api.w.org\/{rel}","templated":true}]}}