{"id":152,"date":"2016-09-14T00:00:00","date_gmt":"2016-09-14T00:00:00","guid":{"rendered":"http:\/\/agneausoleil.com\/agneausoleil\/awpcp\/show-ad\/"},"modified":"2016-10-19T09:55:44","modified_gmt":"2016-10-19T07:55:44","slug":"annonce","status":"publish","type":"page","link":"https:\/\/agneausoleil.com\/agneausoleil\/annonces\/annonce\/","title":{"rendered":"Annonce"},"content":{"rendered":"<div class=\"awpcp-message awpcp-error notice notice-error error\"><p>Aucun ID d'annonce n'a \u00e9t\u00e9 sp\u00e9cifi\u00e9. Retournez \u00e0 <a href=\"https:\/\/agneausoleil.com\/agneausoleil\/annonces\/consulter-2\">, parcourez toutes les annonces {\/ browse_listings_link}.<\/p><\/div>\n","protected":false},"excerpt":{"rendered":"Aucun ID d'annonce n'a \u00e9t\u00e9 sp\u00e9cifi\u00e9. Retournez \u00e0 , parcourez toutes les annonces {\/ browse_listings_link}.","protected":false},"author":0,"featured_media":0,"parent":150,"menu_order":0,"comment_status":"closed","ping_status":"closed","template":"","meta":{"spay_email":"","footnotes":""},"class_list":["post-152","page","type-page","status-publish","hentry"],"_links":{"self":[{"href":"https:\/\/agneausoleil.com\/agneausoleil\/wp-json\/wp\/v2\/pages\/152","targetHints":{"allow":["GET"]}}],"collection":[{"href":"https:\/\/agneausoleil.com\/agneausoleil\/wp-json\/wp\/v2\/pages"}],"about":[{"href":"https:\/\/agneausoleil.com\/agneausoleil\/wp-json\/wp\/v2\/types\/page"}],"replies":[{"embeddable":true,"href":"https:\/\/agneausoleil.com\/agneausoleil\/wp-json\/wp\/v2\/comments?post=152"}],"version-history":[{"count":1,"href":"https:\/\/agneausoleil.com\/agneausoleil\/wp-json\/wp\/v2\/pages\/152\/revisions"}],"predecessor-version":[{"id":182,"href":"https:\/\/agneausoleil.com\/agneausoleil\/wp-json\/wp\/v2\/pages\/152\/revisions\/182"}],"up":[{"embeddable":true,"href":"https:\/\/agneausoleil.com\/agneausoleil\/wp-json\/wp\/v2\/pages\/150"}],"wp:attachment":[{"href":"https:\/\/agneausoleil.com\/agneausoleil\/wp-json\/wp\/v2\/media?parent=152"}],"curies":[{"name":"wp","href":"https:\/\/api.w.org\/{rel}","templated":true}]}}