{"id":11,"date":"2016-09-13T09:07:02","date_gmt":"2016-09-13T07:07:02","guid":{"rendered":"http:\/\/agneausoleil.com\/agneausoleil\/?page_id=11"},"modified":"2023-10-16T09:53:58","modified_gmt":"2023-10-16T07:53:58","slug":"contact","status":"publish","type":"page","link":"https:\/\/agneausoleil.com\/agneausoleil\/contact\/","title":{"rendered":"Contact"},"content":{"rendered":"<p>[vc_row][vc_column width=\u00a0\u00bb1\/2&Prime;]<div role=\"form\" class=\"wpcf7\" id=\"wpcf7-f1590-o1\" lang=\"fr-FR\" dir=\"ltr\">\n<div class=\"screen-reader-response\"><p role=\"status\" aria-live=\"polite\" aria-atomic=\"true\"><\/p> <ul><\/ul><\/div>\n<form action=\"\/agneausoleil\/wp-json\/wp\/v2\/pages\/11#wpcf7-f1590-o1\" method=\"post\" class=\"wpcf7-form init\" novalidate=\"novalidate\" data-status=\"init\">\n<div style=\"display: none;\">\n<input type=\"hidden\" name=\"_wpcf7\" value=\"1590\" \/>\n<input type=\"hidden\" name=\"_wpcf7_version\" value=\"5.6\" \/>\n<input type=\"hidden\" name=\"_wpcf7_locale\" value=\"fr_FR\" \/>\n<input type=\"hidden\" name=\"_wpcf7_unit_tag\" value=\"wpcf7-f1590-o1\" \/>\n<input type=\"hidden\" name=\"_wpcf7_container_post\" value=\"0\" \/>\n<input type=\"hidden\" name=\"_wpcf7_posted_data_hash\" value=\"\" \/>\n<\/div>\n<p><label> Site concern\u00e9 :<br \/>\n    <span class=\"wpcf7-form-control-wrap\" data-name=\"SiteConcerne\"><select name=\"SiteConcerne\" class=\"wpcf7-form-control wpcf7-select\" aria-invalid=\"false\"><option value=\"\">---<\/option><option value=\"Si\u00e8ge \u00e0 Sisteron\">Si\u00e8ge \u00e0 Sisteron<\/option><option value=\"Gap\">Gap<\/option><option value=\"Montmeyan\">Montmeyan<\/option><option value=\"Saint-Martin-de-Crau\">Saint-Martin-de-Crau<\/option><option value=\"Privas\">Privas<\/option><\/select><\/span> <\/label><\/p>\n<p><label> Votre nom (obligatoire)<br \/>\n    <span class=\"wpcf7-form-control-wrap\" data-name=\"your-name\"><input type=\"text\" name=\"your-name\" value=\"\" size=\"40\" class=\"wpcf7-form-control wpcf7-text wpcf7-validates-as-required\" aria-required=\"true\" aria-invalid=\"false\" \/><\/span> <\/label><\/p>\n<p><label> Votre e-mail (obligatoire)<br \/>\n    <span class=\"wpcf7-form-control-wrap\" data-name=\"your-email\"><input type=\"email\" name=\"your-email\" value=\"\" size=\"40\" class=\"wpcf7-form-control wpcf7-text wpcf7-email wpcf7-validates-as-required wpcf7-validates-as-email\" aria-required=\"true\" aria-invalid=\"false\" \/><\/span> <\/label><\/p>\n<p><label> Sujet<br \/>\n    <span class=\"wpcf7-form-control-wrap\" data-name=\"your-subject\"><input type=\"text\" name=\"your-subject\" value=\"\" size=\"40\" class=\"wpcf7-form-control wpcf7-text\" aria-invalid=\"false\" \/><\/span> <\/label><\/p>\n<p><label> Votre message<br \/>\n    <span class=\"wpcf7-form-control-wrap\" data-name=\"your-message\"><textarea name=\"your-message\" cols=\"40\" rows=\"10\" class=\"wpcf7-form-control wpcf7-textarea\" aria-invalid=\"false\"><\/textarea><\/span> <\/label><\/p>\n<p><label> Veuillez cocher la case :<\/p>\n<p>[recaptcha]<\/label><\/p>\n<p><input type=\"submit\" value=\"Envoyer\" class=\"wpcf7-form-control has-spinner wpcf7-submit\" \/><\/p>\n<p style=\"display: none !important;\" class=\"akismet-fields-container\" data-prefix=\"_wpcf7_ak_\"><label>&#916;<textarea name=\"_wpcf7_ak_hp_textarea\" cols=\"45\" rows=\"8\" maxlength=\"100\"><\/textarea><\/label><input type=\"hidden\" id=\"ak_js_1\" name=\"_wpcf7_ak_js\" value=\"42\"\/><script>document.getElementById( \"ak_js_1\" ).setAttribute( \"value\", ( new Date() ).getTime() );<\/script><\/p><div class=\"wpcf7-response-output\" aria-hidden=\"true\"><\/div><\/form><\/div>[\/vc_column][vc_column width=\u00a0\u00bb1\/2&Prime;][vc_gmaps link=\u00a0\u00bb#E-8_JTNDaWZyYW1lJTIwc3JjJTNEJTIyaHR0cHMlM0ElMkYlMkZ3d3cuZ29vZ2xlLmNvbSUyRm1hcHMlMkZkJTJGdSUyRjAlMkZlbWJlZCUzRm1pZCUzRDFIWGI2VVYzbmtvTnBrWE8xS1NuVjRjeWRJLTAtTk9VJTI2ZWhiYyUzRDJFMzEyRiUyMiUyMHdpZHRoJTNEJTIyNjQwJTIyJTIwaGVpZ2h0JTNEJTIyNDgwJTIyJTNFJTNDJTJGaWZyYW1lJTNF\u00a0\u00bb][\/vc_column][\/vc_row][vc_row][vc_column width=\u00a0\u00bb1\/4&Prime;][vc_column_text]<\/p>\n<h1>Site de Gap<\/h1>\n<p>Le Moulin du Pr\u00e9, Route de la luye<\/p>\n<p>05000 GAP<\/p>\n<h2>Horaires :<\/h2>\n<p>Du lundi au jeudi :<\/p>\n<p>8h &#8211; 12h \/ 14h &#8211; 18h00<\/p>\n<p>Vendredi :<\/p>\n<p>8h &#8211; 12h \/ 14h &#8211; 17h<\/p>\n<p>T\u00e9l\u00e9phone: 04 92 61 45 00[\/vc_column_text][\/vc_column][vc_column width=\u00a0\u00bb1\/4&Prime;][vc_single_image image=\u00a0\u00bb1193&Prime; img_size=\u00a0\u00bbfull\u00a0\u00bb alignment=\u00a0\u00bbcenter\u00a0\u00bb style=\u00a0\u00bbvc_box_shadow_border\u00a0\u00bb][\/vc_column][vc_column width=\u00a0\u00bb1\/4&Prime;][vc_column_text]<\/p>\n<h1>Site de Sisteron<\/h1>\n<p>1 All\u00e9e des ch\u00eanes<\/p>\n<p>04200 SISTERON<\/p>\n<h2>Horaires :<\/h2>\n<p>Du lundi au jeudi:<\/p>\n<p>8h &#8211; 12h \/ 14h &#8211; 18h<\/p>\n<p>Vendredi :<\/p>\n<p>8h 12h \/14h &#8211; 17h<\/p>\n<p>T\u00e9l\u00e9phone: 04 92 61 45 00[\/vc_column_text][\/vc_column][vc_column width=\u00a0\u00bb1\/4&Prime;][vc_single_image image=\u00a0\u00bb328&Prime; img_size=\u00a0\u00bbfull\u00a0\u00bb alignment=\u00a0\u00bbcenter\u00a0\u00bb style=\u00a0\u00bbvc_box_shadow_border\u00a0\u00bb][\/vc_column][\/vc_row][vc_row][vc_column width=\u00a0\u00bb1\/4&Prime;][vc_column_text]<\/p>\n<h1>Site de Saint Martin de Crau<\/h1>\n<p>Les glycines, Avenue de Ceret<\/p>\n<p>13310 Saint Martin de Crau<\/p>\n<h2>Horaires :<\/h2>\n<p>Du lundi au vendredi : 8h00 &#8211; 12h \/ 14h &#8211; 18h<\/p>\n<p>T\u00e9l\u00e9phone: 04 92 61 45 00[\/vc_column_text][\/vc_column][vc_column width=\u00a0\u00bb1\/4&Prime;][vc_single_image image=\u00a0\u00bb133&Prime; img_size=\u00a0\u00bbfull\u00a0\u00bb alignment=\u00a0\u00bbcenter\u00a0\u00bb style=\u00a0\u00bbvc_box_shadow_border\u00a0\u00bb][\/vc_column][vc_column width=\u00a0\u00bb1\/4&Prime;][vc_column_text]<\/p>\n<h1>Site de Montmeyan<\/h1>\n<p>ZA quartier du Br\u00e9gou, CD 13<\/p>\n<p>83670 MONTMEYAN<\/p>\n<h2>Horaires :<\/h2>\n<p>Lundi: 14h\u00a0 &#8211; 17h<\/p>\n<p>Mardi-Vendredi: 9h-17h<\/p>\n<p>T\u00e9l\u00e9phone: 04 92 61 45 00[\/vc_column_text][\/vc_column][vc_column width=\u00a0\u00bb1\/4&Prime;][vc_single_image image=\u00a0\u00bb134&Prime; img_size=\u00a0\u00bbfull\u00a0\u00bb alignment=\u00a0\u00bbcenter\u00a0\u00bb style=\u00a0\u00bbvc_box_shadow_border\u00a0\u00bb][\/vc_column][\/vc_row][vc_row][vc_column width=\u00a0\u00bb1\/2&Prime;][vc_gallery interval=\u00a0\u00bb3&Prime; images=\u00a0\u00bb165,166,167,168,169,170&Prime; img_size=\u00a0\u00bbfull\u00a0\u00bb][\/vc_column][\/vc_row][vc_row][vc_column][vc_text_separator title=\u00a0\u00bbNOUVEAU MAGASIN A PRIVAS (07)\u00a0\u00bb][\/vc_column][\/vc_row][vc_row][vc_column width=\u00a0\u00bb1\/2&Prime;][vc_column_text]<\/p>\n<h1>Site de PRIVAS<\/h1>\n<p>915 route du stade ZI lac<\/p>\n<p>07 000 PRIVAS<\/p>\n<h2>Horaires :<\/h2>\n<p>Lundi au Vendredi : 9h &#8211; 12h \/\u00a0 13h &#8211; 17h<\/p>\n<p>T\u00e9l\u00e9phone: 04 92 61 45 00[\/vc_column_text][\/vc_column][vc_column width=\u00a0\u00bb1\/2&Prime;][vc_single_image image=\u00a0\u00bb1528&Prime; img_size=\u00a0\u00bbfull\u00a0\u00bb][vc_gallery interval=\u00a0\u00bb3&Prime; images=\u00a0\u00bb1527,1578,1577&Prime; img_size=\u00a0\u00bbfull\u00a0\u00bb][\/vc_column][\/vc_row][vc_row][vc_column width=\u00a0\u00bb1\/2&Prime;][vc_column_text]<\/p>\n<h1>Site de Valernes<\/h1>\n<p>Bergerie de 800 m2 centre d&rsquo;allotement pour les reproducteurs. Nous disposons d&rsquo;un stock permanent de b\u00e9liers de diff\u00e9rentes races, rustiques et bouch\u00e8res. Ce site nous permet aussi de r\u00e9aliser des essais de mat\u00e9riels que nous mettons au point.<\/p>\n<h2>Horaires<\/h2>\n<p>Visites possibles sur rendez vous.<\/p>\n<p>T\u00e9l\u00e9phone: 04 92 61 45 00[\/vc_column_text][\/vc_column][vc_column width=\u00a0\u00bb1\/2&Prime;][vc_gallery interval=\u00a0\u00bb3&Prime; images=\u00a0\u00bb561,560,559,337&Prime; img_size=\u00a0\u00bbfull\u00a0\u00bb][\/vc_column][\/vc_row]<\/p>\n","protected":false},"excerpt":{"rendered":"<p>[vc_row][vc_column width=\u00a0\u00bb1\/2&Prime;][\/vc_column][vc_column width=\u00a0\u00bb1\/2&Prime;][vc_gmaps link=\u00a0\u00bb#E-8_JTNDaWZyYW1lJTIwc3JjJTNEJTIyaHR0cHMlM0ElMkYlMkZ3d3cuZ29vZ2xlLmNvbSUyRm1hcHMlMkZkJTJGdSUyRjAlMkZlbWJlZCUzRm1pZCUzRDFIWGI2VVYzbmtvTnBrWE8xS1NuVjRjeWRJLTAtTk9VJTI2ZWhiYyUzRDJFMzEyRiUyMiUyMHdpZHRoJTNEJTIyNjQwJTIyJTIwaGVpZ2h0JTNEJTIyNDgwJTIyJTNFJTNDJTJGaWZyYW1lJTNF\u00a0\u00bb][\/vc_column][\/vc_row][vc_row][vc_column width=\u00a0\u00bb1\/4&Prime;][vc_column_text] Site de Gap Le Moulin du Pr\u00e9, Route de la luye 05000 GAP Horaires : Du lundi au jeudi : 8h &#8211; 12h \/ 14h &#8211; 18h00 Vendredi : 8h &#8211; 12h \/ 14h &#8211; 17h T\u00e9l\u00e9phone: 04 92 61 45 00[\/vc_column_text][\/vc_column][vc_column width=\u00a0\u00bb1\/4&Prime;][vc_single_image image=\u00a0\u00bb1193&Prime; img_size=\u00a0\u00bbfull\u00a0\u00bb alignment=\u00a0\u00bbcenter\u00a0\u00bb style=\u00a0\u00bbvc_box_shadow_border\u00a0\u00bb][\/vc_column][vc_column width=\u00a0\u00bb1\/4&Prime;][vc_column_text] Site de [&hellip;]<\/p>\n","protected":false},"author":1,"featured_media":0,"parent":0,"menu_order":0,"comment_status":"closed","ping_status":"closed","template":"","meta":{"spay_email":"","footnotes":""},"class_list":["post-11","page","type-page","status-publish","hentry"],"_links":{"self":[{"href":"https:\/\/agneausoleil.com\/agneausoleil\/wp-json\/wp\/v2\/pages\/11","targetHints":{"allow":["GET"]}}],"collection":[{"href":"https:\/\/agneausoleil.com\/agneausoleil\/wp-json\/wp\/v2\/pages"}],"about":[{"href":"https:\/\/agneausoleil.com\/agneausoleil\/wp-json\/wp\/v2\/types\/page"}],"author":[{"embeddable":true,"href":"https:\/\/agneausoleil.com\/agneausoleil\/wp-json\/wp\/v2\/users\/1"}],"replies":[{"embeddable":true,"href":"https:\/\/agneausoleil.com\/agneausoleil\/wp-json\/wp\/v2\/comments?post=11"}],"version-history":[{"count":39,"href":"https:\/\/agneausoleil.com\/agneausoleil\/wp-json\/wp\/v2\/pages\/11\/revisions"}],"predecessor-version":[{"id":1803,"href":"https:\/\/agneausoleil.com\/agneausoleil\/wp-json\/wp\/v2\/pages\/11\/revisions\/1803"}],"wp:attachment":[{"href":"https:\/\/agneausoleil.com\/agneausoleil\/wp-json\/wp\/v2\/media?parent=11"}],"curies":[{"name":"wp","href":"https:\/\/api.w.org\/{rel}","templated":true}]}}